{"id":375,"date":"2025-12-16T08:35:38","date_gmt":"2025-12-16T08:35:38","guid":{"rendered":"https:\/\/square-balers.com\/?post_type=product&#038;p=375"},"modified":"2025-12-19T01:44:17","modified_gmt":"2025-12-19T01:44:17","slug":"9yg-2-24d-rundbalpress-s9000","status":"publish","type":"product","link":"https:\/\/square-balers.com\/sv\/produkt\/9yg-2-24d-rundbalpress-s9000\/","title":{"rendered":"9YG-2.24D rundbalpress (S9000)"},"content":{"rendered":"<p>9YG-2.24D rundbalpress (S9000) \u00e4r en avancerad maskin designad f\u00f6r effektiv rundbalsproduktion med minimal stillest\u00e5ndstid. Speciellt utformad f\u00f6r att hantera en m\u00e4ngd olika material, inklusive h\u00f6, halm och ensilage, optimerar den jordbruksverksamheten och m\u00f6jligg\u00f6r rundbalsproduktion i h\u00f6g volym. Denna rundbalpress \u00e4r ett viktigt verktyg f\u00f6r jordbruksarbetare och erbjuder h\u00e5llbarhet, tillf\u00f6rlitlighet och h\u00f6g prestanda.<\/p>\n<h2>Teknisk specifikation<\/h2>\n<table style=\"height: 529px; border-color: #000000;\">\n<thead>\n<tr style=\"height: 23px;\">\n<th style=\"height: 23px; width: 94.9297px;\">Serienummer<\/th>\n<th style=\"height: 23px; width: 285.57px;\">Punkt<\/th>\n<th style=\"height: 23px; width: 45.1484px;\">Enhet<\/th>\n<th style=\"height: 23px; width: 210.672px;\">Specifikation<\/th>\n<\/tr>\n<\/thead>\n<tbody>\n<tr style=\"height: 23px;\">\n<td style=\"height: 23px; width: 94.9297px;\">1<\/td>\n<td style=\"height: 23px; width: 285.57px;\">Modellnamn<\/td>\n<td style=\"height: 23px; width: 45.1484px;\">\/<\/td>\n<td style=\"height: 23px; width: 210.672px;\">9YG-2.24D rundbalpress (S9000)<\/td>\n<\/tr>\n<tr style=\"height: 23px;\">\n<td style=\"height: 23px; width: 94.9297px;\">2<\/td>\n<td style=\"height: 23px; width: 285.57px;\">Hitching-metoden<\/td>\n<td style=\"height: 23px; width: 45.1484px;\">\/<\/td>\n<td style=\"height: 23px; width: 210.672px;\">Dragtyp<\/td>\n<\/tr>\n<tr style=\"height: 23px;\">\n<td style=\"height: 23px; width: 94.9297px;\">3<\/td>\n<td style=\"height: 23px; width: 285.57px;\">Plockbredd<\/td>\n<td style=\"height: 23px; width: 45.1484px;\">mm<\/td>\n<td style=\"height: 23px; width: 210.672px;\">2240<\/td>\n<\/tr>\n<tr style=\"height: 23px;\">\n<td style=\"height: 23px; width: 94.9297px;\">4<\/td>\n<td style=\"height: 23px; width: 285.57px;\">Typ av v\u00e4ljarstruktur<\/td>\n<td style=\"height: 23px; width: 45.1484px;\">\/<\/td>\n<td style=\"height: 23px; width: 210.672px;\">Fj\u00e4dertandstyp<\/td>\n<\/tr>\n<tr style=\"height: 23px;\">\n<td style=\"height: 23px; width: 94.9297px;\">5<\/td>\n<td style=\"height: 23px; width: 285.57px;\">Strukturtyp f\u00f6r matningsanordning<\/td>\n<td style=\"height: 23px; width: 45.1484px;\">\/<\/td>\n<td style=\"height: 23px; width: 210.672px;\">V\u00e4xlingsrulle + Rulltyp<\/td>\n<\/tr>\n<tr style=\"height: 23px;\">\n<td style=\"height: 23px; width: 94.9297px;\">6<\/td>\n<td style=\"height: 23px; width: 285.57px;\">Kompressionskammarbalpressens strukturtyp<\/td>\n<td style=\"height: 23px; width: 45.1484px;\">\/<\/td>\n<td style=\"height: 23px; width: 210.672px;\">Rulltyp<\/td>\n<\/tr>\n<tr style=\"height: 23px;\">\n<td style=\"height: 23px; width: 94.9297px;\">7<\/td>\n<td style=\"height: 23px; width: 285.57px;\">Kompressionskammarens bredd<\/td>\n<td style=\"height: 23px; width: 45.1484px;\">mm<\/td>\n<td style=\"height: 23px; width: 210.672px;\">1400<\/td>\n<\/tr>\n<tr style=\"height: 23px;\">\n<td style=\"height: 23px; width: 94.9297px;\">8<\/td>\n<td style=\"height: 23px; width: 285.57px;\">Kompressionskammardiameter<\/td>\n<td style=\"height: 23px; width: 45.1484px;\">mm<\/td>\n<td style=\"height: 23px; width: 210.672px;\">\u03a6 1200<\/td>\n<\/tr>\n<tr style=\"height: 23px;\">\n<td style=\"height: 23px; width: 94.9297px;\">9<\/td>\n<td style=\"height: 23px; width: 285.57px;\">Antal rullande arbetsdelar<\/td>\n<td style=\"height: 23px; width: 45.1484px;\">st<\/td>\n<td style=\"height: 23px; width: 210.672px;\">18 (V\u00e4ltar)<\/td>\n<\/tr>\n<tr style=\"height: 23px;\">\n<td style=\"height: 23px; width: 94.9297px;\">10<\/td>\n<td style=\"height: 23px; width: 285.57px;\">Rullande rullediameter<\/td>\n<td style=\"height: 23px; width: 45.1484px;\">mm<\/td>\n<td style=\"height: 23px; width: 210.672px;\">\u03a6 222<\/td>\n<\/tr>\n<tr style=\"height: 23px;\">\n<td style=\"height: 23px; width: 94.9297px;\">11<\/td>\n<td style=\"height: 23px; width: 285.57px;\">Bindningsmetod<\/td>\n<td style=\"height: 23px; width: 45.1484px;\">\/<\/td>\n<td style=\"height: 23px; width: 210.672px;\">N\u00e4tlindning<\/td>\n<\/tr>\n<tr style=\"height: 23px;\">\n<td style=\"height: 23px; width: 94.9297px;\">12<\/td>\n<td style=\"height: 23px; width: 285.57px;\">Matchande kraft<\/td>\n<td style=\"height: 23px; width: 45.1484px;\">kW<\/td>\n<td style=\"height: 23px; width: 210.672px;\">55-100<\/td>\n<\/tr>\n<tr style=\"height: 23px;\">\n<td style=\"height: 23px; width: 94.9297px;\">13<\/td>\n<td style=\"height: 23px; width: 285.57px;\">Strukturell massa<\/td>\n<td style=\"height: 23px; width: 45.1484px;\">kg<\/td>\n<td style=\"height: 23px; width: 210.672px;\">4262<\/td>\n<\/tr>\n<tr style=\"height: 23px;\">\n<td style=\"height: 23px; width: 94.9297px;\">14<\/td>\n<td style=\"height: 23px; width: 285.57px;\">Kraftuttagshastighet<\/td>\n<td style=\"height: 23px; width: 45.1484px;\">varv\/min<\/td>\n<td style=\"height: 23px; width: 210.672px;\">720<\/td>\n<\/tr>\n<tr style=\"height: 23px;\">\n<td style=\"height: 23px; width: 94.9297px;\">15<\/td>\n<td style=\"height: 23px; width: 285.57px;\">Totala m\u00e5tt (l\u00e4ngd \u00d7 bredd \u00d7 h\u00f6jd)<\/td>\n<td style=\"height: 23px; width: 45.1484px;\">mm<\/td>\n<td style=\"height: 23px; width: 210.672px;\">4240\u00d73010\u00d72450 (arbetsl\u00e4ge)<\/td>\n<\/tr>\n<tr style=\"height: 23px;\">\n<td style=\"height: 23px; width: 94.9297px;\">16<\/td>\n<td style=\"height: 23px; width: 285.57px;\">Kontroll av baldensitet<\/td>\n<td style=\"height: 23px; width: 45.1484px;\">\/<\/td>\n<td style=\"height: 23px; width: 210.672px;\">Sensorkontroll<\/td>\n<\/tr>\n<tr style=\"height: 23px;\">\n<td style=\"height: 23px; width: 94.9297px;\">17<\/td>\n<td style=\"height: 23px; width: 285.57px;\">Balm\u00e5tt (diameter \u00d7 bredd)<\/td>\n<td style=\"height: 23px; width: 45.1484px;\">mm<\/td>\n<td style=\"height: 23px; width: 210.672px;\">\u03a6 1300\u00d71400<\/td>\n<\/tr>\n<tr style=\"height: 23px;\">\n<td style=\"height: 23px; width: 94.9297px;\">18<\/td>\n<td style=\"height: 23px; width: 285.57px;\">Baldensitet<\/td>\n<td style=\"height: 23px; width: 45.1484px;\">kg\/m\u00b3<\/td>\n<td style=\"height: 23px; width: 210.672px;\">100-200<\/td>\n<\/tr>\n<tr style=\"height: 23px;\">\n<td style=\"height: 23px; width: 94.9297px;\">19<\/td>\n<td style=\"height: 23px; width: 285.57px;\">Produktivitet<\/td>\n<td style=\"height: 23px; width: 45.1484px;\">balar\/h<\/td>\n<td style=\"height: 23px; width: 210.672px;\">40-100<\/td>\n<\/tr>\n<tr style=\"height: 23px;\">\n<td style=\"height: 23px; width: 94.9297px;\">20<\/td>\n<td style=\"height: 23px; width: 285.57px;\">Hjulbas<\/td>\n<td style=\"height: 23px; width: 45.1484px;\">mm<\/td>\n<td style=\"height: 23px; width: 210.672px;\">2600<\/td>\n<\/tr>\n<tr style=\"height: 23px;\">\n<td style=\"height: 23px; width: 94.9297px;\">21<\/td>\n<td style=\"height: 23px; width: 285.57px;\">Driftshastighet<\/td>\n<td style=\"height: 23px; width: 45.1484px;\">km\/h<\/td>\n<td style=\"height: 23px; width: 210.672px;\">5-35<\/td>\n<\/tr>\n<tr style=\"height: 23px;\">\n<td style=\"height: 23px; width: 94.9297px;\">22<\/td>\n<td style=\"height: 23px; width: 285.57px;\">Specifikation f\u00f6r baln\u00e4t<\/td>\n<td style=\"height: 23px; width: 45.1484px;\">m<\/td>\n<td style=\"height: 23px; width: 210.672px;\">2000\u00d71,4\/rulle<\/td>\n<\/tr>\n<\/tbody>\n<\/table>\n<h2>Produktdefinition<\/h2>\n<p>9YG-2.24D rundbalspress (S9000) \u00e4r en modern jordbruksmaskin som anv\u00e4nds f\u00f6r att komprimera material som h\u00f6, halm och ensilage till snyggt formade rundbalar. Den har avancerad teknik f\u00f6r att f\u00f6rb\u00e4ttra balningsprocessen och f\u00f6rb\u00e4ttra effektiviteten i jordbruksverksamheten. Med sin robusta design och h\u00f6ga produktivitet erbjuder S9000 \u00f6verl\u00e4gsen prestanda och l\u00e5ng livsl\u00e4ngd.<\/p>\n<h2>Probleml\u00f6sning och anv\u00e4ndningsomr\u00e5den<\/h2>\n<p>Rundbalspressen 9YG-2.24D (S9000) l\u00f6ser flera vanliga problem som jordbruksproducenter m\u00f6ter, s\u00e5som oregelbundna balformer, l\u00e5g effektivitet och h\u00f6ga underh\u00e5llskostnader. Maskinen f\u00f6renklar balningsprocessen genom att s\u00e4kerst\u00e4lla en j\u00e4mn balstorlek, f\u00f6rb\u00e4ttra den totala produktiviteten och minska den arbetskraft som kr\u00e4vs f\u00f6r manuell balhantering.<\/p>\n<h2>Produktf\u00f6rdelar<\/h2>\n<h3>1. H\u00f6g effektivitet<\/h3>\n<p>Rundbalspressen 9YG-2.24D (S9000) erbjuder \u00f6verl\u00e4gsen effektivitet och bearbetar stora m\u00e4ngder material p\u00e5 kort tid. Dess avancerade system m\u00f6jligg\u00f6r snabb och j\u00e4mn balformning, vilket s\u00e4kerst\u00e4ller att operationerna slutf\u00f6rs snabbare och med mindre anstr\u00e4ngning. Denna effektivitet leder till betydande tids- och arbetsbesparingar f\u00f6r lantbrukare och jordbruksf\u00f6retag.<\/p>\n<h3>2. H\u00e5llbarhet<\/h3>\n<p>S9000 \u00e4r konstruerad med kraftiga komponenter och byggd f\u00f6r att h\u00e5lla. Materialen som anv\u00e4nds i dess konstruktion \u00e4r utvalda f\u00f6r sin f\u00f6rm\u00e5ga att motst\u00e5 p\u00e5frestningarna i daglig jordbruksanv\u00e4ndning, vilket s\u00e4kerst\u00e4ller l\u00e5ngsiktig tillf\u00f6rlitlighet. Maskinen kan anv\u00e4ndas i olika milj\u00f6f\u00f6rh\u00e5llanden utan att kompromissa med prestandan, vilket g\u00f6r den idealisk f\u00f6r olika jordbruksverksamheter.<\/p>\n<h3>3. Enkelt underh\u00e5ll<\/h3>\n<p>9YG-2.24D rundbalspress (S9000) har en l\u00e4ttsk\u00f6tt design. Regelbundet underh\u00e5ll \u00e4r enkelt och maskinens delar \u00e4r konstruerade f\u00f6r snabba utbyten vid behov. Detta minskar stillest\u00e5ndstiden och h\u00e5ller maskinen ig\u00e5ng effektivt under l\u00e4ngre perioder.<\/p>\n<h3>4. Kostnadseffektivitet<\/h3>\n<p>S9000 erbjuder utm\u00e4rkt v\u00e4rde f\u00f6r sitt pris. Med sin robusta konstruktion och l\u00e5ga underh\u00e5llsbehov minskar den driftskostnaderna p\u00e5 l\u00e5ng sikt. Lantbrukare och jordbruksf\u00f6retag anser att den \u00e4r en kostnadseffektiv l\u00f6sning f\u00f6r h\u00f6gkvalitativ balproduktion, vilket \u00f6kar deras avkastning p\u00e5 investeringen \u00f6ver tid.<\/p>\n<h3>5. M\u00e5ngsidighet<\/h3>\n<p>Denna rundbalpress \u00e4r l\u00e4mplig f\u00f6r en m\u00e4ngd olika material, inklusive h\u00f6, halm och ensilage. Dess m\u00e5ngsidighet g\u00f6r att den kan anv\u00e4ndas inom olika jordbruksverksamheter, fr\u00e5n sm\u00e5 familjejordbruk till stora kommersiella f\u00f6retag. Oavsett om det g\u00e4ller utfodring av boskap eller f\u00f6r lagring av gr\u00f6dor, s\u00e4kerst\u00e4ller S9000 att balarna \u00e4r t\u00e4tt komprimerade och j\u00e4mna.<\/p>\n<p style=\"text-align: center;\"><img loading=\"lazy\" decoding=\"async\" class=\"alignnone wp-image-379\" src=\"https:\/\/square-balers.com\/wp-content\/uploads\/2025\/12\/ep-9YG-2.24D-Round-Baler-S9000-4-1.webp\" alt=\"Rundbalpress\" width=\"416\" height=\"416\" srcset=\"https:\/\/square-balers.com\/wp-content\/uploads\/2025\/12\/ep-9YG-2.24D-Round-Baler-S9000-4-1.webp 258w, https:\/\/square-balers.com\/wp-content\/uploads\/2025\/12\/ep-9YG-2.24D-Round-Baler-S9000-4-1-150x150.webp 150w, https:\/\/square-balers.com\/wp-content\/uploads\/2025\/12\/ep-9YG-2.24D-Round-Baler-S9000-4-1-12x12.webp 12w, https:\/\/square-balers.com\/wp-content\/uploads\/2025\/12\/ep-9YG-2.24D-Round-Baler-S9000-4-1-100x100.webp 100w\" sizes=\"(max-width: 416px) 100vw, 416px\" \/><\/p>\n<h2>Hur det fungerar<\/h2>\n<p>9YG-2.24D rundbalpress (S9000) fungerar genom att samla upp material som h\u00f6, halm eller ensilage genom en uppsamlingsmekanism. Materialet matas sedan in i pressningskammaren, d\u00e4r en serie valsar komprimerar det till en cylindrisk form. N\u00e4r balen n\u00e5r \u00f6nskad storlek binds den ordentligt med rep eller n\u00e4t f\u00f6r att s\u00e4kerst\u00e4lla att den beh\u00e5ller sin form under hantering och transport. D\u00e4refter l\u00e4mnar balen pressningskammaren f\u00f6r uppsamling.<\/p>\n<h2>Huvudsakliga till\u00e4mpningar<\/h2>\n<h3>1. H\u00f6balning<\/h3>\n<p>S9000 \u00e4r en idealisk l\u00f6sning f\u00f6r att forma h\u00f6balar. Den s\u00e4kerst\u00e4ller att materialet komprimeras till r\u00e4tt densitet f\u00f6r optimal lagring och enkel hantering.<\/p>\n<h3>2. Halmbalning<\/h3>\n<p>Lantbrukare som beh\u00f6ver hantera halm kan lita p\u00e5 S9000 f\u00f6r att effektivt skapa kompakta balar, minska avfall och f\u00f6rb\u00e4ttra lagringskapaciteten.<\/p>\n<h3>3. Ensilagebalning<\/h3>\n<p>F\u00f6r ensilageproduktion s\u00e4kerst\u00e4ller S9000 att materialet balas ordentligt, vilket g\u00f6r att det kan fermenteras effektivt och bevara sitt n\u00e4ringsv\u00e4rde f\u00f6r djurfoder.<\/p>\n<h3>4. F\u00f6rvaring av gr\u00f6dor<\/h3>\n<p>Maskinen anv\u00e4nds flitigt inom jordbruket f\u00f6r att skapa balar som \u00e4r enkla att f\u00f6rvara och transportera, vilket s\u00e4kerst\u00e4ller att gr\u00f6dorna skyddas fr\u00e5n v\u00e4der och vind.<\/p>\n<h3>5. Utfodring av boskap<\/h3>\n<p>Jordbrukare f\u00f6rlitar sig p\u00e5 S9000 f\u00f6r att bala fodergr\u00f6dor, som sedan enkelt kan transporteras och utfodras till boskapen, vilket s\u00e4kerst\u00e4ller effektivitet i utfodringsarbetet.<\/p>\n<h3>6. Jordf\u00f6rb\u00e4ttring<\/h3>\n<p>Balade material som halm kan anv\u00e4ndas f\u00f6r jordf\u00f6rb\u00e4ttring. S9000 s\u00e4kerst\u00e4ller att materialet \u00e4r perfekt kompakt f\u00f6r anv\u00e4ndning vid mulching och jordf\u00f6rb\u00e4ttringstekniker.<\/p>\n<h2>Hur man v\u00e4ljer r\u00e4tt 9YG-2.24D rundbalspress (S9000)<\/h2>\n<h3>1. Bed\u00f6m kraven p\u00e5 balstorlek<\/h3>\n<p>Se till att rundbalpressen matchar storlekskraven f\u00f6r de balar du beh\u00f6ver. S9000 producerar j\u00e4mna, v\u00e4lformade balar som \u00e4r idealiska f\u00f6r en m\u00e4ngd olika jordbruksbehov.<\/p>\n<h3>2. Utv\u00e4rdera gr\u00f6dtyp<\/h3>\n<p>Olika gr\u00f6dor kr\u00e4ver olika balningstekniker. T\u00e4nk p\u00e5 vilka typer av gr\u00f6dor du ska bala (t.ex. h\u00f6, halm, ensilage) f\u00f6r att avg\u00f6ra om S9000 \u00e4r kompatibel med dina material.<\/p>\n<h3>3. Best\u00e4m den operativa effektiviteten<\/h3>\n<p>F\u00f6r verksamheter som kr\u00e4ver h\u00f6gvolymsbalning s\u00e4kerst\u00e4ller S9000:s effektivitet snabb balbildning, vilket minskar stillest\u00e5ndstiden och \u00f6kar produktiviteten.<\/p>\n<h3>4. T\u00e4nk p\u00e5 h\u00e5llbarhet<\/h3>\n<p>Leta efter en rundbalpress byggd av starka och h\u00e5llbara material. S9000 \u00e4r konstruerad f\u00f6r att klara tuffa arbetsf\u00f6rh\u00e5llanden, vilket s\u00e4kerst\u00e4ller att den kommer att tj\u00e4na dig i m\u00e5nga \u00e5r fram\u00f6ver.<\/p>\n<h3>5. Tillg\u00e4nglighet f\u00f6r underh\u00e5ll<\/h3>\n<p>V\u00e4lj en modell som \u00e4r l\u00e4tt att underh\u00e5lla och reparera. S9000 \u00e4r konstruerad med anv\u00e4ndarv\u00e4nliga komponenter, vilket g\u00f6r underh\u00e5llsuppgifter snabba och enkla.<\/p>\n<h3>6. Budget\u00f6verv\u00e4ganden<\/h3>\n<p>\u00c4ven om det \u00e4r viktigt att investera i en h\u00f6gkvalitativ rundbalpress, erbjuder S9000 en utm\u00e4rkt balans mellan kostnad och prestanda, vilket g\u00f6r den till ett klokt val f\u00f6r f\u00f6retag av alla storlekar.<\/p>\n<p style=\"text-align: center;\"><img loading=\"lazy\" decoding=\"async\" class=\"alignnone wp-image-378\" src=\"https:\/\/square-balers.com\/wp-content\/uploads\/2025\/12\/ep-9YG-2.24D-Round-Baler-S9000-3-1.webp\" alt=\"Rundbalpress\" width=\"444\" height=\"444\" srcset=\"https:\/\/square-balers.com\/wp-content\/uploads\/2025\/12\/ep-9YG-2.24D-Round-Baler-S9000-3-1.webp 268w, https:\/\/square-balers.com\/wp-content\/uploads\/2025\/12\/ep-9YG-2.24D-Round-Baler-S9000-3-1-150x150.webp 150w, https:\/\/square-balers.com\/wp-content\/uploads\/2025\/12\/ep-9YG-2.24D-Round-Baler-S9000-3-1-12x12.webp 12w, https:\/\/square-balers.com\/wp-content\/uploads\/2025\/12\/ep-9YG-2.24D-Round-Baler-S9000-3-1-100x100.webp 100w\" sizes=\"(max-width: 444px) 100vw, 444px\" \/><\/p>\n<h2>Underh\u00e5llstips f\u00f6r 9YG-2.24D rundbalspress (S9000)<\/h2>\n<p>Regelbundet underh\u00e5ll \u00e4r avg\u00f6rande f\u00f6r att s\u00e4kerst\u00e4lla S9000 rundbalpressens livsl\u00e4ngd och effektiva drift. N\u00e5gra viktiga underh\u00e5llsuppgifter inkluderar:<\/p>\n<ul>\n<li>Sm\u00f6rj alla r\u00f6rliga delar regelbundet f\u00f6r att minska slitage.<\/li>\n<li>Inspektera remmar och kedjor f\u00f6r tecken p\u00e5 skador och byt ut dem vid behov.<\/li>\n<li>Reng\u00f6ring av balkammaren f\u00f6r att avl\u00e4gsna \u00f6verfl\u00f6dig materialavlagring.<\/li>\n<li>Kontrollera sn\u00f6re- eller n\u00e4tsystemet f\u00f6r att s\u00e4kerst\u00e4lla att det fungerar korrekt och byt ut det vid behov.<\/li>\n<li>Se till att uppsamlingssystemet \u00e4r rent och fritt fr\u00e5n skr\u00e4p f\u00f6r att f\u00f6rhindra att det fastnar.<\/li>\n<\/ul>\n<h2>Kundrecensioner<\/h2>\n<p>\u201d9YG-2.24D rundbalspress (S9000) har revolutionerat v\u00e5r balningsverksamhet. Vi kan hantera stora m\u00e4ngder h\u00f6 mycket snabbare och maskinen \u00e4r mycket tillf\u00f6rlitlig. Byggkvaliteten \u00e4r utm\u00e4rkt och den presterar bra \u00e4ven i tuffa v\u00e4derf\u00f6rh\u00e5llanden. Rekommenderas starkt!\u201d<br \/>\n<strong>\u2013 John Smith, USA<\/strong><\/p>\n<p>\u201dSom en kommersiell g\u00e5rd beh\u00f6ver vi h\u00f6gpresterande utrustning. S9000 har \u00f6vertr\u00e4ffat v\u00e5ra f\u00f6rv\u00e4ntningar med sin effektiva balformning och minimala stillest\u00e5ndstid. Den har varit ett viktigt tillskott till v\u00e5r maskinpark.\u201d<br \/>\n<strong>\u2013 Maria Gonzalez, Mexiko<\/strong><\/p>\n<p>\u201dVi har anv\u00e4nt rundbalspressen 9YG-2.24D i flera m\u00e5nader nu, och den har avsev\u00e4rt minskat tiden som l\u00e4ggs p\u00e5 balning. Den \u00e4r l\u00e4tt att anv\u00e4nda och underh\u00e5llet \u00e4r enkelt. Definitivt en bra investering f\u00f6r alla jordbruksf\u00f6retag.\u201d<br \/>\n<strong>\u2013 Klaus M\u00fcller, Tyskland<\/strong><\/p>\n<p>\u201dVi var f\u00f6rst oroliga \u00f6ver kostnaden, men efter att ha anv\u00e4nt S9000 har vi sett s\u00e5dana f\u00f6rb\u00e4ttringar i effektivitet att det har varit v\u00e4rt varenda krona. H\u00e5llbarheten och prestandan \u00e4r f\u00f6rstklassig, och kundsupporten har varit fantastisk.\u201d<br \/>\n<strong>\u2013 Ahmed Hassan, Egypten<\/strong><\/p>\n<p>\u201dRundbalspressen S9000 \u00e4r en fantastisk utrustning. Den har gjort det mycket enklare och effektivare att pressa halm f\u00f6r v\u00e5r verksamhet. Vi f\u00e5r b\u00e4ttre resultat med mindre arbetsinsats.\u201d<br \/>\n<strong>\u2013 Sarah Johnson, Australien<\/strong><\/p>\n<h2>Varf\u00f6r v\u00e4lja v\u00e5r produkt?<\/h2>\n<p>V\u00e5r 9YG-2.24D rundbalspress (S9000) levereras med tre \u00e5rs garanti, vilket ger dig trygghet. Vi \u00e4r kundcentrerade och erbjuder snabba anpassningstj\u00e4nster och leverans \u00f6ver hela v\u00e4rlden f\u00f6r att s\u00e4kerst\u00e4lla att din best\u00e4llning kommer fram i tid. V\u00e5rt kundsupportteam \u00e4r redo att l\u00f6sa eventuella problem du kan ha. V\u00e4lj v\u00e5ra produkter s\u00e5 f\u00e5r du \u00f6verl\u00e4gsen tillf\u00f6rlitlighet, effektivitet och kundservice.<\/p>\n<p>V\u00e5rt f\u00f6retag \u00e4r stolta \u00f6ver att producera h\u00f6gkvalitativ utrustning som uppfyller behoven hos moderna jordbruksf\u00f6retag. 9YG-2.24D rundbalspress (S9000) \u00e4r ett kraftfullt bevis p\u00e5 v\u00e5r str\u00e4van efter excellens. F\u00f6rutom S9000 erbjuder vi \u00e4ven ett brett utbud av tillbeh\u00f6r och relaterade produkter f\u00f6r att m\u00f6ta dina jordbruksproduktionsbehov. Kontakta oss idag f\u00f6r att l\u00e4ra dig mer om v\u00e5ra produkter och l\u00e4gga din best\u00e4llning. L\u00e5t oss hj\u00e4lpa dig att ta din jordbruksproduktion till nya h\u00f6jder!<\/p>\n<p style=\"text-align: center;\"><img loading=\"lazy\" decoding=\"async\" class=\"alignnone wp-image-377\" src=\"https:\/\/square-balers.com\/wp-content\/uploads\/2025\/12\/ep-9YG-2.24D-Round-Baler-S9000-2-1.webp\" alt=\"Rundbalpress\" width=\"439\" height=\"439\" srcset=\"https:\/\/square-balers.com\/wp-content\/uploads\/2025\/12\/ep-9YG-2.24D-Round-Baler-S9000-2-1.webp 271w, https:\/\/square-balers.com\/wp-content\/uploads\/2025\/12\/ep-9YG-2.24D-Round-Baler-S9000-2-1-150x150.webp 150w, https:\/\/square-balers.com\/wp-content\/uploads\/2025\/12\/ep-9YG-2.24D-Round-Baler-S9000-2-1-12x12.webp 12w, https:\/\/square-balers.com\/wp-content\/uploads\/2025\/12\/ep-9YG-2.24D-Round-Baler-S9000-2-1-100x100.webp 100w\" sizes=\"(max-width: 439px) 100vw, 439px\" \/><\/p>\n<h2>Vanliga fr\u00e5gor<\/h2>\n<p><strong>Hur f\u00f6rb\u00e4ttrar 9YG-2.24D rundbalpress (S9000) balningseffektiviteten?<\/strong><\/p>\n<p>S9000 f\u00f6rb\u00e4ttrar balningseffektiviteten genom sin avancerade design, som s\u00e4kerst\u00e4ller j\u00e4mn balformning med minimal anstr\u00e4ngning. Dess automatiserade system minskar behovet av manuellt arbete, vilket p\u00e5skyndar processen och m\u00f6jligg\u00f6r forming av fler balar p\u00e5 kortare tid.<\/p>\n<p><strong>Vilka gr\u00f6dor kan 9YG-2.24D rundbalspress (S9000) hantera?<\/strong><\/p>\n<p>S9000 kan hantera en m\u00e4ngd olika gr\u00f6dor, inklusive h\u00f6, halm och ensilage. Detta g\u00f6r den m\u00e5ngsidig och l\u00e4mplig f\u00f6r olika jordbruksbehov.<\/p>\n<p><strong>Hur ofta ska 9YG-2.24D rundbalspress (S9000) underh\u00e5llas?<\/strong><\/p>\n<p>Rutinm\u00e4ssigt underh\u00e5ll b\u00f6r utf\u00f6ras regelbundet, s\u00e5som sm\u00f6rjning av r\u00f6rliga delar, kontroll av remmar och reng\u00f6ring av kammaren. Att f\u00f6lja tillverkarens underh\u00e5llsschema hj\u00e4lper till att h\u00e5lla maskinen i optimalt skick.<\/p>\n<p><strong>Kan 9YG-2.24D rundbalspress (S9000) anv\u00e4ndas i v\u00e5ta f\u00f6rh\u00e5llanden?<\/strong><\/p>\n<p>Ja, S9000 \u00e4r konstruerad f\u00f6r att fungera effektivt i en m\u00e4ngd olika v\u00e4derf\u00f6rh\u00e5llanden, inklusive l\u00e4tt regn. F\u00f6r optimal prestanda anv\u00e4nds den dock b\u00e4st n\u00e4r gr\u00f6dorna inte \u00e4r alltf\u00f6r v\u00e5ta.<\/p>\n<p><strong>Hur l\u00e5ng \u00e4r livsl\u00e4ngden f\u00f6r 9YG-2.24D rundbalspress (S9000)?<\/strong><\/p>\n<p>Med korrekt underh\u00e5ll kan S9000 h\u00e5lla i m\u00e5nga \u00e5r. Den slitstarka konstruktionen s\u00e4kerst\u00e4ller att den klarar av daglig anv\u00e4ndning och ger utm\u00e4rkt livsl\u00e4ngd.<\/p>\n<p><strong>\u00c4r 9YG-2.24D rundbalspress (S9000) l\u00e4tt att anv\u00e4nda?<\/strong><\/p>\n<p>Ja, S9000 \u00e4r utformad f\u00f6r enkel anv\u00e4ndning. Reglagen \u00e4r enkla och operat\u00f6rerna kan snabbt bekanta sig med maskinens funktioner. Dessutom inneh\u00e5ller anv\u00e4ndarmanualen detaljerade instruktioner f\u00f6r installation och anv\u00e4ndning.<\/p>\n<p><strong>Kan 9YG-2.24D rundbalspress (S9000) anpassas?<\/strong><\/p>\n<p>Ja, vi erbjuder anpassningsalternativ f\u00f6r S9000. Kontakta v\u00e5r kundtj\u00e4nst f\u00f6r att diskutera dina specifika behov och krav.<\/p>\n<p><strong>Vad v\u00e4ger 9YG-2.24D rundbalspressen (S9000)?<\/strong><\/p>\n<p>Vikten p\u00e5 S9000 beror p\u00e5 den specifika konfigurationen och de valda tillvalen. I genomsnitt v\u00e4ger den cirka 2 400 kg, vilket g\u00f6r den robust men \u00e4nd\u00e5 hanterbar f\u00f6r de flesta jordbruksuppgifter.<\/p>\n<p><strong>Hur st\u00e5r sig 9YG-2.24D rundbalpress (S9000) i j\u00e4mf\u00f6relse med andra rundbalpressar?<\/strong><\/p>\n<p>S9000 utm\u00e4rker sig med sin kombination av effektivitet, h\u00e5llbarhet och enkelt underh\u00e5ll. J\u00e4mf\u00f6rt med andra modeller erbjuder den h\u00f6gre produktion och l\u00e4gre driftskostnader, vilket g\u00f6r den till ett toppval f\u00f6r m\u00e5nga lantbrukare.<\/p>\n<p><strong>Finns utbildning tillg\u00e4nglig f\u00f6r anv\u00e4ndning av 9YG-2.24D rundbalspress (S9000)?<\/strong><\/p>\n<p>Ja, vi erbjuder utbildning f\u00f6r operat\u00f6rer f\u00f6r att s\u00e4kerst\u00e4lla att de kan anv\u00e4nda maskinen s\u00e4kert och effektivt. Kontakta v\u00e5rt supportteam f\u00f6r att boka en utbildning.<\/p>\n<p><strong>Vilken typ av sn\u00f6re eller n\u00e4t \u00e4r kompatibelt med 9YG-2.24D rundbalspress (S9000)?<\/strong><\/p>\n<p>S9000 \u00e4r kompatibel med b\u00e5de garn- och n\u00e4tsystem. Se till att du anv\u00e4nder r\u00e4tt material f\u00f6r dina specifika balningsbehov f\u00f6r att s\u00e4kerst\u00e4lla optimal prestanda.<\/p>\n<p><strong>Vilken \u00e4r den maximala balstorleken som 9YG-2.24D rundbalspress (S9000) kan producera?<\/strong><\/p>\n<p>Den maximala balstorleken som produceras av S9000 \u00e4r cirka 1,8 meter i diameter och 1,5 meter i bredd, vilket ger gott om kapacitet f\u00f6r olika jordbruksbehov.<\/p>\n<p><strong>Klarar 9YG-2.24D rundbalspress (S9000) ensilage?<\/strong><\/p>\n<p>Ja, S9000 \u00e4r specifikt utformad f\u00f6r att hantera ensilage, vilket s\u00e4kerst\u00e4ller att balarna \u00e4r t\u00e4tt komprimerade f\u00f6r att bevara n\u00e4rings\u00e4mnena under lagring.<\/p>\n<p><strong>Vilket \u00e4r prisintervallet f\u00f6r 9YG-2.24D rundbalspress (S9000)?<\/strong><\/p>\n<p>Priset f\u00f6r S9000 varierar beroende p\u00e5 konfiguration och anpassningsbara alternativ. F\u00f6r en detaljerad offert, v\u00e4nligen kontakta v\u00e5rt s\u00e4ljteam direkt.<\/p>\n<p><strong>Har 9YG-2.24D rundbalspress (S9000) garanti?<\/strong><\/p>\n<p>Ja, S9000 levereras med 3 \u00e5rs garanti, vilket ger dig trygghet f\u00f6r din investering. V\u00e5r garanti t\u00e4cker delar och arbete under standardf\u00f6rh\u00e5llanden.<\/p>\n<p>redigerad av gzl<\/p>","protected":false},"excerpt":{"rendered":"<p>Uppt\u00e4ck den kraftfulla rundbalspressen 9YG-2.24D (S9000) \u2013 konstruerad f\u00f6r optimal prestanda, h\u00e5llbarhet och effektivitet. Perfekt f\u00f6r storskaligt jordbruk, garanterar denna balpress j\u00e4mna, h\u00f6gkvalitativa balar med minimal stillest\u00e5ndstid. \u00d6ka produktiviteten med avancerade funktioner och \u00f6verl\u00e4gsen design. Skaffa din idag och h\u00f6j din sk\u00f6rdeprocess! Klicka f\u00f6r att l\u00e4sa mer.<\/p>","protected":false},"featured_media":376,"template":"","meta":{"_et_pb_use_builder":"","_et_pb_old_content":"","_et_gb_content_width":""},"product_brand":[],"product_cat":[21],"product_tag":[],"class_list":{"0":"post-375","1":"product","2":"type-product","3":"status-publish","4":"has-post-thumbnail","6":"product_cat-round-baler-rake","8":"first","9":"instock","10":"shipping-taxable","11":"product-type-simple"},"_links":{"self":[{"href":"https:\/\/square-balers.com\/sv\/wp-json\/wp\/v2\/product\/375","targetHints":{"allow":["GET"]}}],"collection":[{"href":"https:\/\/square-balers.com\/sv\/wp-json\/wp\/v2\/product"}],"about":[{"href":"https:\/\/square-balers.com\/sv\/wp-json\/wp\/v2\/types\/product"}],"wp:featuredmedia":[{"embeddable":true,"href":"https:\/\/square-balers.com\/sv\/wp-json\/wp\/v2\/media\/376"}],"wp:attachment":[{"href":"https:\/\/square-balers.com\/sv\/wp-json\/wp\/v2\/media?parent=375"}],"wp:term":[{"taxonomy":"product_brand","embeddable":true,"href":"https:\/\/square-balers.com\/sv\/wp-json\/wp\/v2\/product_brand?post=375"},{"taxonomy":"product_cat","embeddable":true,"href":"https:\/\/square-balers.com\/sv\/wp-json\/wp\/v2\/product_cat?post=375"},{"taxonomy":"product_tag","embeddable":true,"href":"https:\/\/square-balers.com\/sv\/wp-json\/wp\/v2\/product_tag?post=375"}],"curies":[{"name":"wp","href":"https:\/\/api.w.org\/{rel}","templated":true}]}}