{"id":419,"date":"2025-12-19T03:31:38","date_gmt":"2025-12-19T03:31:38","guid":{"rendered":"https:\/\/square-balers.com\/?post_type=product&#038;p=419"},"modified":"2025-12-22T01:48:50","modified_gmt":"2025-12-22T01:48:50","slug":"9lzy-9-0-fingerhjulskratta","status":"publish","type":"product","link":"https:\/\/square-balers.com\/sv\/produkt\/9lzy-9-0-fingerhjulskratta\/","title":{"rendered":"9LZY-9.0 Fingerhjulskratta"},"content":{"rendered":"<p>Finger Wheel Rake9LZY-9.0 \u00e4r ett viktigt redskap f\u00f6r jordbruksmaskiner som spelar en avg\u00f6rande roll vid h\u00f6uppsamling, s\u00e4rskilt under r\u00e4fsningsprocessen. Denna r\u00e4fsa \u00e4r utformad f\u00f6r effektiv jordbruksanv\u00e4ndning och erbjuder de b\u00e4sta l\u00f6sningarna f\u00f6r storskalig h\u00f6sk\u00f6rd, med o\u00f6vertr\u00e4ffad h\u00e5llbarhet och prestanda. Oavsett om du \u00e4r bonde eller entrepren\u00f6r \u00e4r Finger Wheel Rake9LZY-9.0 det perfekta valet f\u00f6r att maximera produktiviteten vid h\u00f6uppsamling.<\/p>\n<h2>Teknisk specifikation<\/h2>\n<table style=\"border-color: #000000;\">\n<thead>\n<tr>\n<th>K\u00e4rnparametrar<\/th>\n<th>Detaljer<\/th>\n<\/tr>\n<\/thead>\n<tbody>\n<tr>\n<td>Utrustningstyp<\/td>\n<td>Fingerhjulsdriven r\u00e4fsa (modell 9LZY-9.0)<\/td>\n<\/tr>\n<tr>\n<td>Anslutningsl\u00e4ge<\/td>\n<td>Dragkraftstyp<\/td>\n<\/tr>\n<tr>\n<td>N\u00f6dv\u00e4ndig matchningskraft<\/td>\n<td>50\u201355 kW<\/td>\n<\/tr>\n<tr>\n<td>Driftsm\u00e5tt (L\u00d7B\u00d7H)<\/td>\n<td>8,4\u00d711\u00d71,75 m<\/td>\n<\/tr>\n<tr>\n<td>Maskinvikt<\/td>\n<td>1100 kg<\/td>\n<\/tr>\n<tr>\n<td>Driftsbredd<\/td>\n<td>9 m\u00e5nader<\/td>\n<\/tr>\n<tr>\n<td>Driftshastighet<\/td>\n<td>8\u201310 km\/h<\/td>\n<\/tr>\n<tr>\n<td>Transporthastighet<\/td>\n<td>12 km\/h<\/td>\n<\/tr>\n<tr>\n<td>Antal fingerhjul<\/td>\n<td>15<\/td>\n<\/tr>\n<tr>\n<td>Antal t\u00e4nder<\/td>\n<td>900 (60 pinnar per hjul \u00d7 15 hjul)<\/td>\n<\/tr>\n<tr>\n<td>Operat\u00f6rskrav<\/td>\n<td>1 person<\/td>\n<\/tr>\n<tr>\n<td>Str\u00e4ngbredd<\/td>\n<td>0,8\u20131,2 m<\/td>\n<\/tr>\n<tr>\n<td>Rakningsf\u00f6rlustgrad<\/td>\n<td>\u22642%<\/td>\n<\/tr>\n<tr>\n<td>Produktivitet<\/td>\n<td>7,2\u20139 hm\u00b2\/h<\/td>\n<\/tr>\n<\/tbody>\n<\/table>\n<h2>Produktdefinition<\/h2>\n<p>Finger Wheel Rake9LZY-9.0 \u00e4r en h\u00f6gpresterande jordbruksmaskin designad f\u00f6r h\u00f6krattning. Produkten anv\u00e4nder flera fingerhjul f\u00f6r att effektivt samla in och organisera h\u00f6 i prydliga str\u00e4ngar, redo f\u00f6r uppsamling och lagring. Maskinen s\u00e4kerst\u00e4ller utm\u00e4rkt drift p\u00e5 olika terr\u00e4ngtyper och kan enkelt hantera olika h\u00f6typer, vilket g\u00f6r den till ett p\u00e5litligt val f\u00f6r storskaliga jordbruksverksamheter.<\/p>\n<h2>Problem den l\u00f6ser och dess anv\u00e4ndningsomr\u00e5den<\/h2>\n<p>Fingerhjulskrattan 9LZY-9.0 \u00e4r konstruerad f\u00f6r att l\u00f6sa flera vanliga utmaningar vid h\u00f6sk\u00f6rd. Dessa inkluderar:<\/p>\n<ul>\n<li>S\u00e4kerst\u00e4ller effektiv h\u00f6insamling och organisation f\u00f6r enkel transport.<\/li>\n<li>Minska arbetskostnaderna genom att p\u00e5skynda h\u00f6r\u00f6jningsprocessen.<\/li>\n<li>Ger flexibilitet vid anpassning till olika typer av h\u00f6 och varierande terr\u00e4ng.<\/li>\n<li>Minimerar h\u00f6f\u00f6rlust vid r\u00e4fsning, vilket ofta \u00e4r ett problem med traditionella metoder.<\/li>\n<\/ul>\n<p>Denna kratta anv\u00e4nds fr\u00e4mst f\u00f6r h\u00f6krattning, men kan \u00e4ven anpassas f\u00f6r andra jordbruks\u00e4ndam\u00e5l, s\u00e5som att kratta gr\u00e4s, halm och andra liknande gr\u00f6dor. Dess m\u00e5ngsidiga funktionalitet g\u00f6r den till ett viktigt verktyg f\u00f6r moderna g\u00e5rdar v\u00e4rlden \u00f6ver.<\/p>\n<h2>Produktf\u00f6rdelar<\/h2>\n<ul>\n<li><strong>Effektiv h\u00f6uppsamling:<\/strong> Str\u00e4ngl\u00e4ggarens innovativa design m\u00f6jligg\u00f6r snabb och effektiv r\u00e4fsning, vilket \u00f6kar produktiviteten och sparar tid under sk\u00f6rdes\u00e4songen.<\/li>\n<li><strong>H\u00e5llbar konstruktion:<\/strong> Tillverkad av h\u00f6gkvalitativa material garanterar str\u00e4ngl\u00e4ggaren l\u00e5ngvarig prestanda \u00e4ven vid h\u00e5rd anv\u00e4ndning i kr\u00e4vande jordbruksmilj\u00f6er.<\/li>\n<li><strong>Flexibel anpassningsf\u00f6rm\u00e5ga:<\/strong> Str\u00e4ngl\u00e4ggaren kan justeras till olika hjulpositioner, vilket s\u00e4kerst\u00e4ller att den fungerar effektivt p\u00e5 olika typer av terr\u00e4ng och med en m\u00e4ngd olika h\u00f6sorter.<\/li>\n<li><strong>Kostnadseffektiv drift:<\/strong> Med minimalt underh\u00e5ll och slitstarka delar minskar str\u00e4ngl\u00e4ggaren behovet av frekventa reparationer, vilket g\u00f6r den till en kostnadseffektiv investering f\u00f6r lantbrukare.<\/li>\n<li><strong>L\u00e4tt att anv\u00e4nda:<\/strong> Den enkla men robusta designen g\u00f6r det m\u00f6jligt f\u00f6r lantbrukare och f\u00f6rare att enkelt anv\u00e4nda str\u00e4ngl\u00e4ggaren med minimal utbildning eller erfarenhet.<\/li>\n<\/ul>\n<h2>Funktionsprincip f\u00f6r fingerhjulskrattan 9LZY-9.0 fingerhjulskrattan<\/h2>\n<p>Funktionsprincipen f\u00f6r Finger Wheel Rake9LZY-9.0 Finger Wheel Rake \u00e4r baserad p\u00e5 effektiv anv\u00e4ndning av roterande fingerhjul som sveper h\u00f6 in i str\u00e4ngar. N\u00e4r maskinen bogseras bakom en traktor roterar fingerhjulen med en kontrollerad hastighet, kammar igenom h\u00f6et och samlar det i en snygg rad. Str\u00e4ngl\u00e4ggarens vinkel och h\u00f6jd kan justeras f\u00f6r att passa olika f\u00f6rh\u00e5llanden, vilket s\u00e4kerst\u00e4ller optimal h\u00f6uppsamling utan att skada gr\u00f6dan. Str\u00e4ngl\u00e4ggarens design minimerar gr\u00f6df\u00f6rlust samtidigt som den f\u00f6rb\u00e4ttrar enklare uppsamling och transport.<\/p>\n<h2>Huvudsakliga till\u00e4mpliga scenarier<\/h2>\n<p>Fingerhjulskrattan 9LZY-9.0 anv\u00e4nds oftast i f\u00f6ljande jordbruksscenarier:<\/p>\n<ul>\n<li><strong>H\u00f6sk\u00f6rd:<\/strong> Perfekt f\u00f6r att skapa str\u00e4ngar vid h\u00f6tagning p\u00e5 gr\u00e4smarker och \u00e5krar.<\/li>\n<li><strong>Halmsamling:<\/strong> L\u00e4mplig f\u00f6r att samla halm efter spannm\u00e5lssk\u00f6rden, vilket minskar tiden p\u00e5 f\u00e4ltarbetet.<\/li>\n<li><strong>Gr\u00e4skrattning:<\/strong> Perfekt f\u00f6r att organisera och samla in gr\u00e4s f\u00f6r ensilage eller beteshantering.<\/li>\n<li><strong>Vintergr\u00f6dinsamling:<\/strong> Effektiv f\u00f6r att kratta och samla vintergr\u00f6dor som alfalfa eller kl\u00f6ver.<\/li>\n<li><strong>Storskaligt jordbruk:<\/strong> Utformad f\u00f6r anv\u00e4ndning p\u00e5 kommersiella g\u00e5rdar och stora jordbruksverksamheter som kr\u00e4ver tunga maskiner.<\/li>\n<li><strong>Gr\u00e4s- och ogr\u00e4shantering:<\/strong> Hj\u00e4lper till att samla in gr\u00e4s och ogr\u00e4s f\u00f6r enklare bortskaffande eller kompostering i ekologiska jordbruksmetoder.<\/li>\n<\/ul>\n<h2>Hur man v\u00e4ljer r\u00e4tt fingerhjulsraketa 9LZY-9.0 fingerhjulsraketa<\/h2>\n<p>N\u00e4r du v\u00e4ljer en fingerhjulskratta 9LZY-9.0 \u00e4r det viktigt att beakta f\u00f6ljande faktorer:<\/p>\n<ul>\n<li><strong>F\u00e4ltstorlek:<\/strong> V\u00e4lj en str\u00e4ngl\u00e4ggare som passar storleken p\u00e5 ditt f\u00e4lt f\u00f6r att s\u00e4kerst\u00e4lla maximal effektivitet. En st\u00f6rre str\u00e4ngl\u00e4ggare t\u00e4cker mer yta p\u00e5 kortare tid.<\/li>\n<li><strong>Terr\u00e4ngtyp:<\/strong> Om ditt f\u00e4lt har oj\u00e4mn eller kuperad terr\u00e4ng, leta efter en str\u00e4ngl\u00e4ggare som kan justeras i h\u00f6jd och vinkel f\u00f6r att hantera dessa f\u00f6rh\u00e5llanden.<\/li>\n<li><strong>Traktorkompatibilitet:<\/strong> Se till att str\u00e4ngl\u00e4ggaren \u00e4r kompatibel med traktorns dragkrok f\u00f6r att s\u00e4kerst\u00e4lla korrekt funktion.<\/li>\n<li><strong>Konfiguration av krattahjul:<\/strong> T\u00e4nk p\u00e5 antalet hjul och deras konfiguration. Ett h\u00f6gre antal hjul kan f\u00f6rb\u00e4ttra krattaeffektiviteten.<\/li>\n<li><strong>Varaktighet:<\/strong> Leta efter en kratta tillverkad av h\u00f6gkvalitativa material f\u00f6r att s\u00e4kerst\u00e4lla att den klarar av p\u00e5frestningarna fr\u00e5n tung jordbruksanv\u00e4ndning.<\/li>\n<li><strong>Enkelt underh\u00e5ll:<\/strong> En str\u00e4ngl\u00e4ggare som \u00e4r l\u00e4tt att serva och underh\u00e5lla sparar tid och minskar den totala \u00e4gandekostnaden.<\/li>\n<\/ul>\n<h2>Underh\u00e5llsmetoder f\u00f6r fingerhjulskratta 9LZY-9.0 fingerhjulskratta<\/h2>\n<p>Korrekt underh\u00e5ll av din Finger Wheel Rake9LZY-9.0 s\u00e4kerst\u00e4ller dess l\u00e5nga livsl\u00e4ngd och optimala prestanda. Nedan f\u00f6ljer n\u00e5gra viktiga underh\u00e5llsrutiner:<\/p>\n<ul>\n<li><strong>Regelbunden inspektion:<\/strong> Kontrollera regelbundet str\u00e4ngl\u00e4ggarens hjul, fingrar och ram f\u00f6r slitage. Byt omedelbart ut skadade eller slitna delar f\u00f6r att undvika ytterligare skador.<\/li>\n<li><strong>Sm\u00f6rjning:<\/strong> Se till att alla r\u00f6rliga delar, s\u00e5som hjulaxlar och leder, \u00e4r ordentligt smorda f\u00f6r att minska friktion och f\u00f6rhindra rost.<\/li>\n<li><strong>Reng\u00f6ring:<\/strong> Reng\u00f6r str\u00e4ngl\u00e4ggaren noggrant efter varje anv\u00e4ndning f\u00f6r att avl\u00e4gsna smuts, skr\u00e4p och gr\u00f6dorester, som kan t\u00e4ppa till r\u00f6rliga delar och minska effektiviteten.<\/li>\n<li><strong>\u00c5tdragning av bultar:<\/strong> Kontrollera och dra regelbundet \u00e5t l\u00f6sa bultar eller muttrar f\u00f6r att f\u00f6rhindra mekaniska fel under drift.<\/li>\n<li><strong>Lagring:<\/strong> N\u00e4r den inte anv\u00e4nds, f\u00f6rvara kratta p\u00e5 en torr och skyddad plats f\u00f6r att skydda den mot v\u00e4der och vind och korrosion.<\/li>\n<\/ul>\n<h2>Kundrecensioner<\/h2>\n<p>\u201dFinger Wheel Rake9LZY-9.0 \u00e4r ett utm\u00e4rkt verktyg f\u00f6r v\u00e5r g\u00e5rd. Vi anv\u00e4nder det varje s\u00e4song f\u00f6r att kratta v\u00e5rt h\u00f6, och det g\u00f6r aldrig besviken. Krattningsprocessen \u00e4r s\u00e5 mycket snabbare j\u00e4mf\u00f6rt med v\u00e5ra gamla manuella metoder. Rekommenderar starkt detta till alla med en storskalig verksamhet!\u201d<\/p>\n<p><strong>John Adams, USA<\/strong><\/p>\n<p>\u201dDen h\u00e4r kratta har gjort en enorm skillnad i v\u00e5r h\u00f6samling. Den \u00e4r enkel att anv\u00e4nda och kr\u00e4ver inte mycket underh\u00e5ll. Byggkvaliteten \u00e4r gedigen, och vi har m\u00e4rkt en minskning av v\u00e5ra driftskostnader sedan vi b\u00f6rjade anv\u00e4nda den.\u201d<\/p>\n<p><strong>Marko Petrovi\u0107, Serbien<\/strong><\/p>\n<p>\u201dVi har anv\u00e4nt Finger Wheel Rake9LZY-9.0 i \u00f6ver ett \u00e5r nu, och den har varit utm\u00e4rkt. Str\u00e4ngl\u00e4ggaren anpassar sig perfekt f\u00f6r v\u00e5ra \u00e5krar, och den hanterar b\u00e5de kuperad terr\u00e4ng och plan mark med l\u00e4tthet. En utm\u00e4rkt investering f\u00f6r v\u00e5r g\u00e5rd.\u201d<\/p>\n<p><strong>Alicia L\u00f3pez, Spanien<\/strong><\/p>\n<p>\u201dDetta \u00e4r ett av de b\u00e4sta jordbruksredskapen vi har k\u00f6pt. Str\u00e4ngl\u00e4ggaren plockar upp h\u00f6 snabbt och effektivt, och v\u00e5rt f\u00e4ltarbete utf\u00f6rs p\u00e5 halva tiden det brukade ta. Mycket n\u00f6jd med prestandan.\u201d<\/p>\n<p><strong>John Robertson, Kanada<\/strong><\/p>\n<p>\u201dSom sm\u00e5bruks\u00e4gare har den h\u00e4r kratta hj\u00e4lpt oss att minska v\u00e5rt arbete avsev\u00e4rt. Den \u00e4r l\u00e4tt att anv\u00e4nda och h\u00e5ller v\u00e5rt h\u00f6 i utm\u00e4rkt skick f\u00f6r f\u00f6rvaring. Jag skulle rekommendera den h\u00e4r produkten till alla inom jordbruksbranschen.\u201d<\/p>\n<p><strong>Emma Thomas, Australien<\/strong><\/p>\n<h2>Varf\u00f6r v\u00e4lja v\u00e5r produkt?<\/h2>\n<p>V\u00e5r fingerhjulskratta 9LZY-9.0 \u00e4r det b\u00e4sta valet f\u00f6r dina jordbruksbehov av f\u00f6ljande sk\u00e4l:<\/p>\n<ul>\n<li><strong>Snabb anpassning:<\/strong> Vi erbjuder snabba anpassningstj\u00e4nster f\u00f6r att m\u00f6ta dina specifika krav.<\/li>\n<li><strong>Starkt servicest\u00f6d:<\/strong> V\u00e5rt engagerade kundtj\u00e4nstteam finns alltid tillg\u00e4ngligt f\u00f6r att hj\u00e4lpa dig med eventuella fr\u00e5gor eller problem.<\/li>\n<li><strong>3 \u00e5rs garanti:<\/strong> V\u00e5r produkt levereras med tre \u00e5rs garanti, vilket garanterar sinnesro och l\u00e5ngvarig h\u00e5llbarhet.<\/li>\n<li><strong>Global frakt:<\/strong> Vi st\u00f6der snabba leveranser \u00f6ver hela v\u00e4rlden, vilket s\u00e4kerst\u00e4ller att din best\u00e4llning n\u00e5r dig snabbt.<\/li>\n<li><strong>Omfattande eftermarknadssupport:<\/strong> Fr\u00e5n installation till underh\u00e5ll erbjuder vi omfattande eftermarknadssupport f\u00f6r att h\u00e5lla din utrustning ig\u00e5ng smidigt.<\/li>\n<\/ul>\n<h2>Utforska fler produkter<\/h2>\n<p>F\u00f6rutom Finger Wheel Rake9LZY-9.0 Finger Wheel Rake erbjuder vi ett brett utbud av andra jordbruksmaskiner och tillbeh\u00f6r. Vi \u00e4r stolta \u00f6ver v\u00e5r robusta produktionskapacitet, h\u00f6gkvalitativa produkter och konkurrenskraftiga priser. V\u00e5r kundfokuserade service s\u00e4kerst\u00e4ller att varje produkt uppfyller dina exakta behov. Utforska v\u00e5rt sortiment och kontakta oss idag f\u00f6r att k\u00f6pa eller fr\u00e5ga om v\u00e5ra produkter.<\/p>\n<h2>Vanliga fr\u00e5gor<\/h2>\n<p><strong>Vad anv\u00e4nds fingerhjulsrakan 9LZY-9.0 till?<\/strong><\/p>\n<p>De <a href=\"https:\/\/square-balers.com\/sv\/produkt\/9lzd-9-0-fingerhjulskrattning\/\">Fingerhjulskratta<\/a> 9LZY-9.0 anv\u00e4nds fr\u00e4mst f\u00f6r h\u00f6krattning, men den kan \u00e4ven anv\u00e4ndas f\u00f6r att kratta andra gr\u00f6dor som halm, gr\u00e4s och ogr\u00e4s. Den hj\u00e4lper lantbrukare att snabbt och effektivt samla h\u00f6 i prydliga str\u00e4ngar f\u00f6r vidare bearbetning eller lagring.<\/p>\n<p><strong>Hur justerar jag str\u00e4ngl\u00e4ggaren f\u00f6r olika terr\u00e4nger?<\/strong><\/p>\n<p>Str\u00e4ngl\u00e4ggaren har justerbara hjulpositioner, vilket g\u00f6r att den kan anpassas till olika terr\u00e4nger. Justera enkelt str\u00e4ngl\u00e4ggarens vinkel och h\u00f6jd f\u00f6r att passa kuperad eller oj\u00e4mn mark f\u00f6r att s\u00e4kerst\u00e4lla optimal prestanda.<\/p>\n<p><strong>Vilket underh\u00e5ll kr\u00e4ver fingerhjulskrattan?<\/strong><\/p>\n<p>Regelbundet underh\u00e5ll av fingerhjulskrattan inkluderar sm\u00f6rjning av r\u00f6rliga delar, inspektion av slitage, reng\u00f6ring, \u00e5tdragning av bultar och korrekt f\u00f6rvaring n\u00e4r den inte anv\u00e4nds.<\/p>\n<p><strong>Kan jag anv\u00e4nda kratta p\u00e5 olika typer av h\u00f6?<\/strong><\/p>\n<p>Ja, Finger Wheel Rake9LZY-9.0 \u00e4r m\u00e5ngsidig och kan anv\u00e4ndas p\u00e5 olika h\u00f6typer, inklusive alfalfa, kl\u00f6ver och gr\u00e4s. Dess justerbara inst\u00e4llningar hj\u00e4lper till att hantera olika h\u00f6f\u00f6rh\u00e5llanden.<\/p>\n<p><strong>\u00c4r str\u00e4ngl\u00e4ggaren kompatibel med alla traktorer?<\/strong><\/p>\n<p>De flesta traktorer kan anv\u00e4ndas med Finger Wheel Rake9LZY-9.0, f\u00f6rutsatt att de \u00e4r kompatibla med str\u00e4ngl\u00e4ggarens dragkrok. Det \u00e4r viktigt att se till att traktorn har r\u00e4tt kraftkapacitet f\u00f6r att dra str\u00e4ngl\u00e4ggaren effektivt.<\/p>\n<p>redigerad av gzl<\/p>\n<p>&nbsp;<\/p>","protected":false},"excerpt":{"rendered":"<p>Uppt\u00e4ck 9LZY-9.0 fingerhjulsstr\u00e4ngl\u00e4ggare \u2013 ett h\u00f6gpresterande verktyg f\u00f6r effektiv h\u00f6- och halmkrattning. Denna str\u00e4ngl\u00e4ggare \u00e4r utformad f\u00f6r h\u00e5llbarhet och precision och s\u00e4kerst\u00e4ller j\u00e4mn och effektiv f\u00f6rdelning. Perfekt f\u00f6r lantbrukare som vill \u00f6ka produktiviteten och spara tid. Skaffa din idag och upplev \u00f6verl\u00e4gsen kvalitet i varje str\u00e4ngl\u00e4ggare!<\/p>","protected":false},"featured_media":420,"template":"","meta":{"_et_pb_use_builder":"","_et_pb_old_content":"","_et_gb_content_width":""},"product_brand":[],"product_cat":[23],"product_tag":[],"class_list":{"0":"post-419","1":"product","2":"type-product","3":"status-publish","4":"has-post-thumbnail","6":"product_cat-mower-tedder","8":"first","9":"instock","10":"shipping-taxable","11":"product-type-simple"},"_links":{"self":[{"href":"https:\/\/square-balers.com\/sv\/wp-json\/wp\/v2\/product\/419","targetHints":{"allow":["GET"]}}],"collection":[{"href":"https:\/\/square-balers.com\/sv\/wp-json\/wp\/v2\/product"}],"about":[{"href":"https:\/\/square-balers.com\/sv\/wp-json\/wp\/v2\/types\/product"}],"wp:featuredmedia":[{"embeddable":true,"href":"https:\/\/square-balers.com\/sv\/wp-json\/wp\/v2\/media\/420"}],"wp:attachment":[{"href":"https:\/\/square-balers.com\/sv\/wp-json\/wp\/v2\/media?parent=419"}],"wp:term":[{"taxonomy":"product_brand","embeddable":true,"href":"https:\/\/square-balers.com\/sv\/wp-json\/wp\/v2\/product_brand?post=419"},{"taxonomy":"product_cat","embeddable":true,"href":"https:\/\/square-balers.com\/sv\/wp-json\/wp\/v2\/product_cat?post=419"},{"taxonomy":"product_tag","embeddable":true,"href":"https:\/\/square-balers.com\/sv\/wp-json\/wp\/v2\/product_tag?post=419"}],"curies":[{"name":"wp","href":"https:\/\/api.w.org\/{rel}","templated":true}]}}