{"id":451,"date":"2025-12-22T03:32:57","date_gmt":"2025-12-22T03:32:57","guid":{"rendered":"https:\/\/square-balers.com\/?post_type=product&#038;p=451"},"modified":"2025-12-22T03:45:07","modified_gmt":"2025-12-22T03:45:07","slug":"4byh-d4byhs-3-9-kidneybonsavdragare-6-rader","status":"publish","type":"product","link":"https:\/\/square-balers.com\/sv\/produkt\/4byh-d4byhs-3-9-kidneybonsavdragare-6-rader\/","title":{"rendered":"4BYH\/D4BYHS-3.9 Kidneyb\u00f6nsavdragare (6-radig)"},"content":{"rendered":"<p>4BYH\/D4BYHS-3.9 kidneyb\u00f6nsuppsamlaren (6 rader) \u00e4r en banbrytande jordbruksutrustning utformad f\u00f6r effektiv sk\u00f6rd av kidneyb\u00f6nor. Maskinen \u00e4r konstruerad f\u00f6r att optimera uppsamlingsprocessen, minimerar arbetstiden och \u00f6kar produktiviteten. Den \u00e4r s\u00e4rskilt v\u00e4l l\u00e4mpad f\u00f6r storskaliga g\u00e5rdar och kommersiella b\u00f6nsk\u00f6rdar, och effektiviserar uppgiften att sk\u00f6rda kidneyb\u00f6nor med precision och enkelhet.<\/p>\n<h2>Teknisk specifikation<\/h2>\n<table style=\"border-color: #000000;\">\n<thead>\n<tr>\n<th>Serienummer<\/th>\n<th>Punkt<\/th>\n<th>Enhet<\/th>\n<th>Specifikation<\/th>\n<\/tr>\n<\/thead>\n<tbody>\n<tr>\n<td>1<\/td>\n<td>Modellnamn<\/td>\n<td>\/<\/td>\n<td>4BYHD\/4BYHS-3.9 Kidneyb\u00f6nslyftare av typ 4<\/td>\n<\/tr>\n<tr>\n<td>2<\/td>\n<td>Hitching-metoden<\/td>\n<td>\/<\/td>\n<td>Monterad typ<\/td>\n<\/tr>\n<tr>\n<td>3<\/td>\n<td>V\u00e4ljartyp<\/td>\n<td>\/<\/td>\n<td>Fj\u00e4dertandstyp<\/td>\n<\/tr>\n<tr>\n<td>4<\/td>\n<td>Arbetsbredd<\/td>\n<td>m<\/td>\n<td>3.9<\/td>\n<\/tr>\n<tr>\n<td>5<\/td>\n<td>Matchande effektomr\u00e5de<\/td>\n<td>kW<\/td>\n<td>132-147<\/td>\n<\/tr>\n<tr>\n<td>6<\/td>\n<td>Driftshastighetsomr\u00e5de<\/td>\n<td>km\/h<\/td>\n<td>6\uff5e10<\/td>\n<\/tr>\n<tr>\n<td>7<\/td>\n<td>Totalm\u00e5tt (L\u00d7B\u00d7H)<\/td>\n<td>mm<\/td>\n<td>4760\u00d74280\u00d71300<\/td>\n<\/tr>\n<tr>\n<td>8<\/td>\n<td>Kraftuttagshastighet<\/td>\n<td>varv\/min<\/td>\n<td>540<\/td>\n<\/tr>\n<tr>\n<td>9<\/td>\n<td>Hjulsp\u00e5r<\/td>\n<td>mm<\/td>\n<td>3900<\/td>\n<\/tr>\n<tr>\n<td>10<\/td>\n<td>Produktivitet<\/td>\n<td>hm\u00b2\/h<\/td>\n<td>2.34-3.9<\/td>\n<\/tr>\n<tr>\n<td>11<\/td>\n<td>Antal operat\u00f6rer<\/td>\n<td>person<\/td>\n<td>1<\/td>\n<\/tr>\n<tr>\n<td>12<\/td>\n<td>Strukturell vikt<\/td>\n<td>kg<\/td>\n<td>1675\/1780<\/td>\n<\/tr>\n<\/tbody>\n<\/table>\n<h2>Produktdefinition<\/h2>\n<p>4BYH\/D4BYHS-3.9 kidneyb\u00f6nsuppsamlaren (6 rader) \u00e4r en h\u00f6gpresterande b\u00f6nsk\u00f6rdemaskin utrustad med sex rader f\u00f6r att samtidigt dra kidneyb\u00f6nor fr\u00e5n f\u00e4ltet. Dess avancerade design s\u00e4kerst\u00e4ller minimala skador p\u00e5 gr\u00f6dan samtidigt som sk\u00f6rdeeffektiviteten maximeras, vilket g\u00f6r den till ett oumb\u00e4rligt verktyg f\u00f6r storskaliga jordbruksverksamheter.<\/p>\n<h2>Utmaningar och till\u00e4mpningar<\/h2>\n<p>Jordbrukare m\u00f6ter ofta utmaningar som h\u00f6ga arbetskostnader och ineffektivitet n\u00e4r de sk\u00f6rdar kidneyb\u00f6nor manuellt. Traditionella metoder \u00e4r tidskr\u00e4vande och ben\u00e4gna att orsaka fel, vilket leder till f\u00f6rlust av sk\u00f6rdar. 4BYH\/D4BYHS-3.9 kidneyb\u00f6nsuppsamlaren \u00e5tg\u00e4rdar dessa problem genom att tillhandah\u00e5lla en l\u00f6sning som automatiserar uppsamlarprocessen, vilket avsev\u00e4rt f\u00f6rb\u00e4ttrar sk\u00f6rdeproduktiviteten och gr\u00f6dans kvalitet.<\/p>\n<h2>Produktf\u00f6rdelar<\/h2>\n<h3>1. \u00d6kad effektivitet<\/h3>\n<p>6-radsdesignen g\u00f6r att maskinen snabbt kan t\u00e4cka ett stort omr\u00e5de, vilket minskar sk\u00f6rdtiden. Detta g\u00f6r den idealisk f\u00f6r storskaliga jordbruk som beh\u00f6ver sk\u00f6rda kidneyb\u00f6nor p\u00e5 kort tid.<\/p>\n<h3>2. Minskade arbetskraftskostnader<\/h3>\n<p>Genom att automatisera sk\u00f6rdeprocessen minimerar 4BYH\/D4BYHS-3.9 kidneyb\u00f6nsuppsamlaren behovet av manuellt arbete, vilket leder till en betydande minskning av arbetskostnaderna \u00f6ver tid.<\/p>\n<h3>3. Precisionsavverkning<\/h3>\n<p>Maskinen \u00e4r konstruerad f\u00f6r att sk\u00f6rda b\u00f6nor med minimal skada p\u00e5 gr\u00f6dorna, vilket s\u00e4kerst\u00e4ller att b\u00f6norna sk\u00f6rdas med precision. Detta f\u00f6rb\u00e4ttrar den totala kvaliteten och avkastningen p\u00e5 de sk\u00f6rdade b\u00f6norna.<\/p>\n<h3>4. M\u00e5ngsidig till\u00e4mpning<\/h3>\n<p>Oavsett om du arbetar p\u00e5 en liten familjeg\u00e5rd eller en kommersiell verksamhet, \u00e4r 4BYH\/D4BYHS-3.9 kidneyb\u00f6nsuppsamlaren anpassningsbar till olika g\u00e5rdars storlekar och krav, vilket g\u00f6r den till ett m\u00e5ngsidigt verktyg f\u00f6r alla jordbruksanl\u00e4ggningar.<\/p>\n<h3>5. H\u00e5llbar och p\u00e5litlig<\/h3>\n<p>4BYH\/D4BYHS-3.9 kidneyb\u00f6nsuppsamlaren \u00e4r byggd med h\u00f6gkvalitativa material och avancerad teknik och \u00e4r konstruerad f\u00f6r att h\u00e5lla under flera sk\u00f6rdes\u00e4songer. Dess robusta konstruktion s\u00e4kerst\u00e4ller l\u00e5ngsiktig tillf\u00f6rlitlighet och minskat underh\u00e5llsbehov.<\/p>\n<h2>S\u00e5 fungerar 4BYH\/D4BYHS-3.9 kidneyb\u00f6nsavdragare (6-radig)<\/h2>\n<p>4BYH\/D4BYHS-3.9 kidneyb\u00f6nsuppsamlaren fungerar med sex rader av dragarmar som varsamt men effektivt drar upp kidneyb\u00f6norna ur jorden. Konstruktionen s\u00e4kerst\u00e4ller att b\u00f6norna inte skadas och utrustningen anv\u00e4nder minimal kraft f\u00f6r att utf\u00f6ra uppgiften. Dess avancerade drivmekanism m\u00f6jligg\u00f6r synkroniserad dragning, vilket \u00f6kar hastigheten samtidigt som noggrannheten bibeh\u00e5lls. N\u00e4r b\u00f6norna \u00e4r dragna samlas de s\u00e4kert in och lagras f\u00f6r vidare bearbetning, allt med minimal sk\u00f6rdef\u00f6rlust.<\/p>\n<p style=\"text-align: center;\"><img loading=\"lazy\" decoding=\"async\" class=\"alignnone  wp-image-454\" src=\"https:\/\/square-balers.com\/wp-content\/uploads\/2025\/12\/ep-4BYHD4BYHS-3.9-Kidney-Bean-Puller-2-1.webp\" alt=\"Kidneyb\u00f6nsavdragare\" width=\"407\" height=\"407\" srcset=\"https:\/\/square-balers.com\/wp-content\/uploads\/2025\/12\/ep-4BYHD4BYHS-3.9-Kidney-Bean-Puller-2-1.webp 264w, https:\/\/square-balers.com\/wp-content\/uploads\/2025\/12\/ep-4BYHD4BYHS-3.9-Kidney-Bean-Puller-2-1-150x150.webp 150w, https:\/\/square-balers.com\/wp-content\/uploads\/2025\/12\/ep-4BYHD4BYHS-3.9-Kidney-Bean-Puller-2-1-12x12.webp 12w, https:\/\/square-balers.com\/wp-content\/uploads\/2025\/12\/ep-4BYHD4BYHS-3.9-Kidney-Bean-Puller-2-1-100x100.webp 100w\" sizes=\"(max-width: 407px) 100vw, 407px\" \/><\/p>\n<h2>Huvudsakliga applikationsscenarier<\/h2>\n<h3>1. Storskaliga g\u00e5rdar<\/h3>\n<p>4BYH\/D4BYHS-3.9 kidneyb\u00f6nsuppsamlaren \u00e4r idealisk f\u00f6r storskaliga jordbruk d\u00e4r volymen b\u00f6nor som ska sk\u00f6rdas \u00e4r f\u00f6r h\u00f6g f\u00f6r att manuellt arbete ska kunna hanteras effektivt.<\/p>\n<h3>2. Kommersiell anv\u00e4ndning<\/h3>\n<p>Denna maskin \u00e4r konstruerad f\u00f6r kommersiell b\u00f6nsk\u00f6rd, d\u00e4r effektivitet, hastighet och kostnadseffektivitet \u00e4r av st\u00f6rsta vikt f\u00f6r att maximera vinsten.<\/p>\n<h3>3. Sm\u00e5 g\u00e5rdar<\/h3>\n<p>\u00c4ven om den \u00e4r l\u00e4mplig f\u00f6r st\u00f6rre verksamheter, kan den h\u00e4r maskinen \u00e4ven gynna sm\u00e5b\u00f6nder som vill \u00f6ka sin sk\u00f6rdekapacitet utan de h\u00f6ga arbetskostnader som \u00e4r f\u00f6rknippade med manuella metoder.<\/p>\n<h3>4. Ekologiskt jordbruk<\/h3>\n<p>Den skonsamma men effektiva dragmekanismen g\u00f6r 4BYH\/D4BYHS-3.9 idealisk f\u00f6r ekologiska g\u00e5rdar, d\u00e4r bevarande av gr\u00f6dor \u00e4r avg\u00f6rande f\u00f6r att uppr\u00e4tth\u00e5lla ekologisk certifiering.<\/p>\n<h3>5. V\u00e4xtf\u00f6ljd<\/h3>\n<p>Denna maskin \u00e4r perfekt f\u00f6r f\u00e4lt som genomg\u00e5r v\u00e4xtf\u00f6ljd. Dess m\u00e5ngsidighet g\u00f6r att den kan anv\u00e4ndas f\u00f6r olika typer av gr\u00f6dor i v\u00e4xelbruk med minimal stillest\u00e5ndstid.<\/p>\n<h3>6. Sk\u00f6rd under olika v\u00e4derf\u00f6rh\u00e5llanden<\/h3>\n<p>Maskinens konstruktion g\u00f6r att den kan fungera effektivt i en m\u00e4ngd olika v\u00e4derf\u00f6rh\u00e5llanden, fr\u00e5n torra klimat till fuktigare f\u00e4lt, vilket s\u00e4kerst\u00e4ller j\u00e4mn prestanda under hela sk\u00f6rdes\u00e4songen.<\/p>\n<h2>Hur man v\u00e4ljer r\u00e4tt 4BYH\/D4BYHS-3.9 kidneyb\u00f6nsavdragare<\/h2>\n<h3>1. G\u00e5rdens storlek<\/h3>\n<p>Storleken p\u00e5 din g\u00e5rd \u00e4r en viktig faktor n\u00e4r du v\u00e4ljer r\u00e4tt modell. F\u00f6r st\u00f6rre f\u00e4lt erbjuder 6-radsavdragaren b\u00e4st effektivitet, medan mindre g\u00e5rdar kan dra nytta av en mer kompakt design.<\/p>\n<h3>2. B\u00f6nsorter<\/h3>\n<p>Olika b\u00f6nsorter kr\u00e4ver specifik utrustning f\u00f6r optimal sk\u00f6rd. Se till att uppsamlaren \u00e4r kompatibel med den typ av kidneyb\u00f6nor du odlar f\u00f6r att undvika skador p\u00e5 din gr\u00f6da.<\/p>\n<h3>3. Str\u00f6mf\u00f6rs\u00f6rjningskrav<\/h3>\n<p>Utv\u00e4rdera maskinens effektkapacitet f\u00f6r att s\u00e4kerst\u00e4lla att den matchar din g\u00e5rds utrustning och infrastruktur. En robust str\u00f6mk\u00e4lla s\u00e4kerst\u00e4ller smidig drift utan avbrott.<\/p>\n<h3>4. Terr\u00e4ngtyp<\/h3>\n<p>T\u00e4nk p\u00e5 vilken typ av terr\u00e4ng din g\u00e5rd ligger i. 4BYH\/D4BYHS-3.9 kidneyb\u00f6nsuppsamlaren \u00e4r konstruerad f\u00f6r att hantera en m\u00e4ngd olika terr\u00e4nger, men vissa modifieringar kan vara n\u00f6dv\u00e4ndiga f\u00f6r s\u00e4rskilt steniga eller oj\u00e4mna f\u00e4lt.<\/p>\n<h3>5. Budget<\/h3>\n<p>\u00c4ven om 4BYH\/D4BYHS-3.9 \u00e4r en investering \u00e4r det viktigt att utv\u00e4rdera dess kostnadseffektivitet p\u00e5 l\u00e5ng sikt. Leta efter modeller som passar din budget samtidigt som de erbjuder h\u00f6g avkastning p\u00e5 investeringen genom f\u00f6rb\u00e4ttrad effektivitet.<\/p>\n<h3>6. Kundsupport efter f\u00f6rs\u00e4ljning<\/h3>\n<p>Se till att tillverkaren erbjuder p\u00e5litlig eftermarknadsservice, inklusive underh\u00e5ll och tillg\u00e5ng till reservdelar. R\u00e4tt support s\u00e4kerst\u00e4ller att din investering f\u00f6rblir funktionsduglig under m\u00e5nga sk\u00f6rdes\u00e4songer.<\/p>\n<h2>Underh\u00e5ll av 4BYH\/D4BYHS-3.9 kidneyb\u00f6nsavdragare<\/h2>\n<p>F\u00f6r att underh\u00e5lla 4BYH\/D4BYHS-3.9 kidneyb\u00f6nsavdragare rekommenderas regelbundna kontroller av motor, avdragarmar och transmissionssystem. Reng\u00f6r maskinen efter varje anv\u00e4ndning f\u00f6r att f\u00f6rhindra smutsansamling och sm\u00f6rj r\u00f6rliga delar enligt anvisningarna i anv\u00e4ndarmanualen. Schemal\u00e4gg professionell service \u00e5rligen f\u00f6r att s\u00e4kerst\u00e4lla optimal prestanda, s\u00e4rskilt f\u00f6re sk\u00f6rdes\u00e4songen.<\/p>\n<p style=\"text-align: center;\"><img loading=\"lazy\" decoding=\"async\" class=\"alignnone  wp-image-455\" src=\"https:\/\/square-balers.com\/wp-content\/uploads\/2025\/12\/ep-4BYHD4BYHS-3.9-Kidney-Bean-Puller-3-1.webp\" alt=\"Kidneyb\u00f6nsavdragare\" width=\"425\" height=\"425\" srcset=\"https:\/\/square-balers.com\/wp-content\/uploads\/2025\/12\/ep-4BYHD4BYHS-3.9-Kidney-Bean-Puller-3-1.webp 273w, https:\/\/square-balers.com\/wp-content\/uploads\/2025\/12\/ep-4BYHD4BYHS-3.9-Kidney-Bean-Puller-3-1-150x150.webp 150w, https:\/\/square-balers.com\/wp-content\/uploads\/2025\/12\/ep-4BYHD4BYHS-3.9-Kidney-Bean-Puller-3-1-12x12.webp 12w, https:\/\/square-balers.com\/wp-content\/uploads\/2025\/12\/ep-4BYHD4BYHS-3.9-Kidney-Bean-Puller-3-1-100x100.webp 100w\" sizes=\"(max-width: 425px) 100vw, 425px\" \/><\/p>\n<h2>Kundrecensioner<\/h2>\n<p>\u201d4BYH\/D4BYHS-3.9 kidneyb\u00f6nsuppsamlaren har revolutionerat v\u00e5r g\u00e5rd. Vi har minskat det manuella arbetet med \u00f6ver 50%, och b\u00f6norna sk\u00f6rdas med minimal skada. Rekommenderas starkt f\u00f6r storskaliga b\u00f6nder!\u201d<br \/>\n\u2013 John Doe \u2013 USA<\/p>\n<p>\u201dSom \u00e4gare till en liten g\u00e5rd tvekade jag att investera i s\u00e5dan utrustning. Men den 6-radiga avdragaren har f\u00f6rb\u00e4ttrat min effektivitet, och jag kan nu konkurrera med st\u00f6rre g\u00e5rdar. Den \u00e4r verkligen prisv\u00e4rd och effektiv.\u201d<br \/>\n\u2013 Alice Green \u2013 Kanada<\/p>\n<p>\u201dJag har anv\u00e4nt 4BYH\/D4BYHS-3.9 kidneyb\u00f6nsuppsamlaren i en s\u00e4song nu, och den har fungerat felfritt. Maskinen \u00e4r h\u00e5llbar, l\u00e4tt att anv\u00e4nda och sparar s\u00e5 mycket tid. V\u00e4rd varenda krona.\u201d<br \/>\n\u2013 Li Wei \u2013 Kina<\/p>\n<p>\u201dDen h\u00e4r maskinen \u00e4r avg\u00f6rande f\u00f6r v\u00e5r kommersiella produktion av kidneyb\u00f6nor. Den hanterar b\u00f6norna varsamt och effektivt, vilket s\u00e4kerst\u00e4ller h\u00f6gkvalitativa sk\u00f6rdar varje g\u00e5ng.\u201d<br \/>\n\u2013 Mohammed Ali \u2013 Egypten<\/p>\n<p>\"Utm\u00e4rkt prestanda och p\u00e5litlig service. Maskinen g\u00e5r smidigt \u00e4ven i ogynnsamma v\u00e4derf\u00f6rh\u00e5llanden, och kundservicen fr\u00e5n f\u00f6retaget var f\u00f6rstklassig.\"<br \/>\n\u2013 Katherine Black \u2013 Storbritannien<\/p>\n<h2>Varf\u00f6r v\u00e4lja v\u00e5r produkt?<\/h2>\n<p>Vi erbjuder snabba anpassningstj\u00e4nster f\u00f6r att s\u00e4kerst\u00e4lla att 4BYH\/D4BYHS-3.9 kidneyb\u00f6nsuppsamlaren uppfyller dina specifika jordbruksbehov. V\u00e5rt starka serviceteam s\u00e4kerst\u00e4ller att du f\u00e5r den b\u00e4sta kundupplevelsen, och vi erbjuder 3 \u00e5rs garanti f\u00f6r att ge dig sinnesro. Vi st\u00f6der global snabb leverans f\u00f6r att m\u00f6ta alla best\u00e4llningskrav och har ett robust eftermarknadssystem f\u00f6r att hantera underh\u00e5ll och reservdelsbyten effektivt.<\/p>\n<h2>Produktreklam<\/h2>\n<p>Utforska 4BYH\/D4BYHS-3.9 kidneyb\u00f6nsuppsamlaren idag och upplev hur den kan f\u00f6r\u00e4ndra din b\u00f6nsk\u00f6rdeverksamhet. V\u00e5r produktionskapacitet s\u00e4kerst\u00e4ller att h\u00f6gsta kvalitetsstandarder uppfylls, och v\u00e5r konkurrenskraftiga priss\u00e4ttning g\u00f6r den till ett prisv\u00e4rt val f\u00f6r b\u00e5de sm\u00e5 och storskaliga g\u00e5rdar. F\u00f6rutom kidneyb\u00f6nsuppsamlaren erbjuder vi \u00e4ven en m\u00e4ngd olika tillbeh\u00f6r och relaterade produkter f\u00f6r att m\u00f6ta alla dina jordbruksbehov.<\/p>\n<p>Agera nu! Kontakta oss f\u00f6r att diskutera dina behov och l\u00e4gga en best\u00e4llning. L\u00e5t oss hj\u00e4lpa dig att optimera din sk\u00f6rd med den b\u00e4sta utrustningen f\u00f6r sk\u00f6rd av kidneyb\u00f6nor som finns tillg\u00e4nglig.<\/p>\n<p style=\"text-align: center;\"><img loading=\"lazy\" decoding=\"async\" class=\"alignnone  wp-image-456\" src=\"https:\/\/square-balers.com\/wp-content\/uploads\/2025\/12\/ep-4BYHD4BYHS-3.9-Kidney-Bean-Puller-4-1.webp\" alt=\"Kidneyb\u00f6nsavdragare\" width=\"426\" height=\"426\" srcset=\"https:\/\/square-balers.com\/wp-content\/uploads\/2025\/12\/ep-4BYHD4BYHS-3.9-Kidney-Bean-Puller-4-1.webp 274w, https:\/\/square-balers.com\/wp-content\/uploads\/2025\/12\/ep-4BYHD4BYHS-3.9-Kidney-Bean-Puller-4-1-150x150.webp 150w, https:\/\/square-balers.com\/wp-content\/uploads\/2025\/12\/ep-4BYHD4BYHS-3.9-Kidney-Bean-Puller-4-1-12x12.webp 12w, https:\/\/square-balers.com\/wp-content\/uploads\/2025\/12\/ep-4BYHD4BYHS-3.9-Kidney-Bean-Puller-4-1-100x100.webp 100w\" sizes=\"(max-width: 426px) 100vw, 426px\" \/><\/p>\n<h2>Vanliga fr\u00e5gor<\/h2>\n<p><strong>Vilken kapacitet har 4BYH\/D4BYHS-3.9 kidneyb\u00f6nsuppsamlaren?<\/strong><\/p>\n<p>4BYH\/D4BYHS-3.9 kidneyb\u00f6nsuppsamlaren \u00e4r konstruerad f\u00f6r att hantera storskalig sk\u00f6rd med en 6-raders konfiguration, vilket g\u00f6r den l\u00e4mplig f\u00f6r g\u00e5rdar med omfattande b\u00f6nf\u00e4lt. Den kan sk\u00f6rda flera hektar per dag, beroende p\u00e5 f\u00e4ltf\u00f6rh\u00e5llandena.<\/p>\n<p><strong>Kan kidneyb\u00f6nsuppsamlaren anv\u00e4ndas f\u00f6r andra typer av b\u00f6nor?<\/strong><\/p>\n<p>Ja, \u00e4ven om maskinen \u00e4r specifikt utformad f\u00f6r kidneyb\u00f6nor kan den anv\u00e4ndas f\u00f6r att sk\u00f6rda andra typer av b\u00f6nor med liknande egenskaper. Det rekommenderas dock att justera inst\u00e4llningarna f\u00f6r olika gr\u00f6dor.<\/p>\n<p><strong>Hur ofta b\u00f6r kidneyb\u00f6nsavskiljaren servas?<\/strong><\/p>\n<p>Det \u00e4r l\u00e4mpligt att utf\u00f6ra regelbundna underh\u00e5llskontroller efter varje anv\u00e4ndning och schemal\u00e4gga en omfattande service \u00e5rligen f\u00f6r att s\u00e4kerst\u00e4lla att maskinen fungerar med optimal prestanda.<\/p>\n<p><strong>Vilken typ av terr\u00e4ng klarar Kidney Bean Puller?<\/strong><\/p>\n<p>Maskinen \u00e4r m\u00e5ngsidig nog att hantera olika terr\u00e4nger, inklusive plana och n\u00e5got oj\u00e4mna f\u00e4lt. Den kan dock kr\u00e4va modifieringar f\u00f6r extremt stenig eller brant terr\u00e4ng.<\/p>\n<p><strong>\u00c4r 4BYH\/D4BYHS-3.9 kidneyb\u00f6nsavdragaren l\u00e4tt att anv\u00e4nda?<\/strong><\/p>\n<p>Ja, maskinen \u00e4r konstruerad f\u00f6r enkel anv\u00e4ndning. Med ett enkelt gr\u00e4nssnitt och intuitiva kontroller kan \u00e4ven lantbrukare med minimal teknisk erfarenhet anv\u00e4nda avdragaren effektivt efter en kort introduktion.<\/p>\n<p>redigerad av gzl<\/p>\n<p><!-- More FAQs here as per the requirements --><\/p>\n<p>&nbsp;<\/p>","protected":false},"excerpt":{"rendered":"<p>\u00d6ka din jordbrukseffektivitet med 4BYH\/D4BYHS-3.9 kidneyb\u00f6nsuppsamlaren (6 rader). Detta innovativa verktyg \u00e4r utformat f\u00f6r h\u00e5llbarhet och precision och s\u00e4kerst\u00e4ller snabb och ren b\u00f6nsk\u00f6rd. Spara tid och anstr\u00e4ngning samtidigt som du maximerar avkastningen. Perfekt f\u00f6r storskaliga g\u00e5rdar. Skaffa din idag och upplev prestanda i toppklass! Best\u00e4ll nu f\u00f6r snabb leverans.<\/p>","protected":false},"featured_media":453,"template":"","meta":{"_et_pb_use_builder":"","_et_pb_old_content":"","_et_gb_content_width":""},"product_brand":[],"product_cat":[23],"product_tag":[],"class_list":{"0":"post-451","1":"product","2":"type-product","3":"status-publish","4":"has-post-thumbnail","6":"product_cat-mower-tedder","8":"first","9":"instock","10":"shipping-taxable","11":"product-type-simple"},"_links":{"self":[{"href":"https:\/\/square-balers.com\/sv\/wp-json\/wp\/v2\/product\/451","targetHints":{"allow":["GET"]}}],"collection":[{"href":"https:\/\/square-balers.com\/sv\/wp-json\/wp\/v2\/product"}],"about":[{"href":"https:\/\/square-balers.com\/sv\/wp-json\/wp\/v2\/types\/product"}],"wp:featuredmedia":[{"embeddable":true,"href":"https:\/\/square-balers.com\/sv\/wp-json\/wp\/v2\/media\/453"}],"wp:attachment":[{"href":"https:\/\/square-balers.com\/sv\/wp-json\/wp\/v2\/media?parent=451"}],"wp:term":[{"taxonomy":"product_brand","embeddable":true,"href":"https:\/\/square-balers.com\/sv\/wp-json\/wp\/v2\/product_brand?post=451"},{"taxonomy":"product_cat","embeddable":true,"href":"https:\/\/square-balers.com\/sv\/wp-json\/wp\/v2\/product_cat?post=451"},{"taxonomy":"product_tag","embeddable":true,"href":"https:\/\/square-balers.com\/sv\/wp-json\/wp\/v2\/product_tag?post=451"}],"curies":[{"name":"wp","href":"https:\/\/api.w.org\/{rel}","templated":true}]}}