{"id":461,"date":"2025-12-22T08:07:20","date_gmt":"2025-12-22T08:07:20","guid":{"rendered":"https:\/\/square-balers.com\/?post_type=product&#038;p=461"},"modified":"2025-12-22T08:26:37","modified_gmt":"2025-12-22T08:26:37","slug":"9fz-2-0-fingerhjulshovandare","status":"publish","type":"product","link":"https:\/\/square-balers.com\/sv\/produkt\/9fz-2-0-fingerhjulshovandare\/","title":{"rendered":"9FZ-2.0 fingerhjulsh\u00f6v\u00e4ndare"},"content":{"rendered":"<p>9FZ-2.0 fingerhjulsh\u00f6v\u00e4ndaren \u00e4r en avancerad jordbruksmaskin utformad f\u00f6r att f\u00f6rb\u00e4ttra h\u00f6uppsamling och torkningseffektivitet. Dess robusta konstruktion och anv\u00e4ndarv\u00e4nliga drift g\u00f6r den till ett viktigt verktyg f\u00f6r jordbrukare och jordbruksproffs f\u00f6r att optimera h\u00f6bearbetningen. Denna h\u00f6v\u00e4ndare s\u00e4kerst\u00e4ller att h\u00f6 sprids j\u00e4mnt och torkas snabbt, vilket maximerar jordbruksproduktiviteten.<\/p>\n<h2>Teknisk specifikation<\/h2>\n<table style=\"border-color: #000000;\">\n<thead>\n<tr>\n<th>Serienummer<\/th>\n<th>Punkt<\/th>\n<th>Enhet<\/th>\n<th>Specifikation<\/th>\n<\/tr>\n<\/thead>\n<tbody>\n<tr>\n<td>1<\/td>\n<td>Produktnamn<\/td>\n<td>\/<\/td>\n<td>9FZ-2.0 Fingerskivsv\u00e4ndare<\/td>\n<\/tr>\n<tr>\n<td>2<\/td>\n<td>Hitching-metoden<\/td>\n<td>\/<\/td>\n<td>Monterad typ<\/td>\n<\/tr>\n<tr>\n<td>3<\/td>\n<td>F\u00e4llmekanism Typ<\/td>\n<td>\/<\/td>\n<td>Hydraulisk typ<\/td>\n<\/tr>\n<tr>\n<td>4<\/td>\n<td>T\u00e4nder Antal<\/td>\n<td>\/<\/td>\n<td>120 (40 t\u00e4nder\/skiva \u00d7 3 skivor)<\/td>\n<\/tr>\n<tr>\n<td>5<\/td>\n<td>Fingerhjul Antal<\/td>\n<td>\/<\/td>\n<td>(Obs: Inneh\u00e5llet \u00e4r duplicerat, till\u00e4gg v\u00e4ntar)<\/td>\n<\/tr>\n<tr>\n<td>6<\/td>\n<td>Fingerhjulets diameter<\/td>\n<td>mm<\/td>\n<td>\u03a61500<\/td>\n<\/tr>\n<tr>\n<td>7<\/td>\n<td>Sv\u00e4ngbredd<\/td>\n<td>m<\/td>\n<td>2<\/td>\n<\/tr>\n<tr>\n<td>8<\/td>\n<td>Matchande effektomr\u00e5de<\/td>\n<td>kW<\/td>\n<td>\u226525,73<\/td>\n<\/tr>\n<tr>\n<td>9<\/td>\n<td>Driftshastighetsomr\u00e5de<\/td>\n<td>km\/h<\/td>\n<td>7-10<\/td>\n<\/tr>\n<tr>\n<td>10<\/td>\n<td>Totalm\u00e5tt (arbetstillst\u00e5nd, L\u00d7B\u00d7H)<\/td>\n<td>mm<\/td>\n<td>3500\u00d73500\u00d71500<\/td>\n<\/tr>\n<tr>\n<td>11<\/td>\n<td>Maskinvikt<\/td>\n<td>kg<\/td>\n<td>372<\/td>\n<\/tr>\n<tr>\n<td>12<\/td>\n<td>Produktutf\u00f6randestandard<\/td>\n<td>\/<\/td>\n<td>JB\/T7766-2011<\/td>\n<\/tr>\n<\/tbody>\n<\/table>\n<h2>Produktdefinition<\/h2>\n<p>9FZ-2.0 fingerhjulsh\u00f6v\u00e4ndaren \u00e4r en mekanisk anordning som anv\u00e4nds f\u00f6r h\u00f6v\u00e4ndning, vilket inneb\u00e4r att nyslaget h\u00f6 sprider sig f\u00f6r att underl\u00e4tta snabbare torkning. Den har en hjulbaserad design med flera fingrar som f\u00f6rsiktigt fluffar upp och sprider h\u00f6et \u00f6ver f\u00e4ltet. Detta s\u00e4kerst\u00e4ller j\u00e4mn f\u00f6rdelning, vilket minskar risken f\u00f6r m\u00f6gel och p\u00e5skyndar torkningsprocessen. Den \u00e4r s\u00e4rskilt effektiv f\u00f6r storskalig h\u00f6produktion.<\/p>\n<h2>Problem som adresserats och till\u00e4mpningar<\/h2>\n<p>9FZ-2.0 fingerhjulsh\u00f6v\u00e4ndaren tar itu med flera viktiga utmaningar inom h\u00f6produktion. Den anv\u00e4nds fr\u00e4mst f\u00f6r att:<\/p>\n<ul>\n<li>S\u00e4kerst\u00e4ll j\u00e4mn spridning av h\u00f6 f\u00f6r effektiv torkning<\/li>\n<li>F\u00f6rhindra att h\u00f6 klumpar ihop sig, vilket kan leda till oj\u00e4mn torkning eller m\u00f6gelutveckling<\/li>\n<li>\u00d6ka hastigheten p\u00e5 h\u00f6torkningen, vilket \u00e4r avg\u00f6rande f\u00f6r att bevara fodrets kvalitet<\/li>\n<li>Minska manuellt arbete i h\u00f6v\u00e4ndningsprocessen<\/li>\n<li>\u00d6ka den totala produktiviteten och den operativa effektiviteten p\u00e5 g\u00e5rdar<\/li>\n<\/ul>\n<h2>Produktf\u00f6rdelar<\/h2>\n<h3>1. H\u00f6g effektivitet<\/h3>\n<p>H\u00f6v\u00e4ndaren 9FZ-2.0 med fingerhjul \u00e4r konstruerad f\u00f6r att maximera h\u00f6spridningshastigheten, vilket avsev\u00e4rt minskar torkningstiden. Dess robusta hjul och flera fingrar s\u00e4kerst\u00e4ller att h\u00f6et f\u00f6rdelas j\u00e4mnt \u00f6ver f\u00e4ltet, vilket garanterar snabb och j\u00e4mn torkning.<\/p>\n<h3>2. H\u00e5llbar konstruktion<\/h3>\n<p>9FZ-2.0 \u00e4r byggd med h\u00f6gkvalitativa material och konstruerad f\u00f6r att klara tuffa jordbruksf\u00f6rh\u00e5llanden. Komponenterna, inklusive fingerhjulen, \u00e4r tillverkade av starka metalllegeringar, vilket s\u00e4kerst\u00e4ller l\u00e5ngvarig prestanda \u00e4ven vid kr\u00e4vande anv\u00e4ndning.<\/p>\n<h3>3. L\u00e5gt underh\u00e5ll<\/h3>\n<p>Denna maskin \u00e4r konstruerad med enkelhet i \u00e5tanke, vilket g\u00f6r den enkel att underh\u00e5lla och reparera. Dess komponenter \u00e4r l\u00e4ttillg\u00e4ngliga och l\u00e4tta att serva, vilket minskar driftstopp och s\u00e4kerst\u00e4ller att din verksamhet l\u00f6per smidigt.<\/p>\n<h3>4. M\u00e5ngsidig anv\u00e4ndning<\/h3>\n<p>H\u00f6v\u00e4ndaren 9FZ-2.0 med fingerhjul kan anv\u00e4ndas under olika f\u00e4ltf\u00f6rh\u00e5llanden och med olika typer av foder. Oavsett om du arbetar med gr\u00e4s, alfalfa eller andra gr\u00f6dor, levererar denna h\u00f6v\u00e4ndare optimala resultat.<\/p>\n<h3>5. Anv\u00e4ndarv\u00e4nlig design<\/h3>\n<p>Maskinens design betonar anv\u00e4ndarv\u00e4nlighet, med enkla kontroller som kr\u00e4ver minimal utbildning. F\u00f6raren kan snabbt justera maskinen f\u00f6r att passa olika f\u00f6rh\u00e5llanden, vilket s\u00e4kerst\u00e4ller en smidig och effektiv h\u00f6vv\u00e4ndning.<\/p>\n<h2>S\u00e5 fungerar 9FZ-2.0 fingerhjulsh\u00f6v\u00e4ndaren<\/h2>\n<p>9FZ-2.0 fingerhjulsh\u00f6v\u00e4ndaren fungerar genom att rotera sina fingerhjul \u00f6ver f\u00e4ltet. Dessa hjul, utrustade med flera fingrar, lyfter och fluffar f\u00f6rsiktigt upp h\u00f6et medan de roterar. N\u00e4r maskinen r\u00f6r sig fram\u00e5t sprider den h\u00f6et j\u00e4mnt \u00f6ver f\u00e4ltet, vilket f\u00f6rhindrar klumpar och s\u00e4kerst\u00e4ller j\u00e4mn torkning. Maskinens hastighet och hjulvinkel \u00e4r justerbara f\u00f6r att anpassa sig till olika typer av h\u00f6 och varierande f\u00e4ltf\u00f6rh\u00e5llanden.<\/p>\n<h2>Viktiga anv\u00e4ndningsomr\u00e5den f\u00f6r 9FZ-2.0 fingerhjulsh\u00f6v\u00e4ndare<\/h2>\n<ul>\n<li><strong>Storskalig h\u00f6odling:<\/strong> Viktigt f\u00f6r jordbrukare som beh\u00f6ver hantera stora m\u00e4ngder h\u00f6 effektivt.<\/li>\n<li><strong>Gr\u00e4smarksunderh\u00e5ll:<\/strong> Anv\u00e4ndbar f\u00f6r att sprida och torka gr\u00e4s p\u00e5 \u00e5krar, vilket s\u00e4kerst\u00e4ller fodrets kvalitet.<\/li>\n<li><strong>Alfalfabearbetning:<\/strong> Perfekt f\u00f6r att sprida alfalfah\u00f6, en viktig gr\u00f6da f\u00f6r boskapsfoder.<\/li>\n<li><strong>Ekologiskt jordbruk:<\/strong> Ett viktigt verktyg i ekologisk h\u00f6produktion, d\u00e4r naturliga torkningsmetoder f\u00f6redras.<\/li>\n<li><strong>Foderkonservering:<\/strong> Hj\u00e4lper till att bibeh\u00e5lla fodrets n\u00e4ringsv\u00e4rde genom att s\u00e4kerst\u00e4lla snabb och j\u00e4mn torkning.<\/li>\n<li><strong>Boskapsg\u00e5rdar:<\/strong> Idealisk f\u00f6r g\u00e5rdar som beh\u00f6ver h\u00f6gkvalitativt h\u00f6 som en del av sin foderf\u00f6rs\u00f6rjning.<\/li>\n<\/ul>\n<h2>Hur man v\u00e4ljer r\u00e4tt 9FZ-2.0 fingerhjulsh\u00f6v\u00e4ndare<\/h2>\n<h3>1. T\u00e4nk p\u00e5 storleken p\u00e5 din verksamhet<\/h3>\n<p>Om du driver en stor g\u00e5rd beh\u00f6ver du en h\u00f6v\u00e4ndare med st\u00f6rre arbetsbredd och h\u00f6gre kapacitet. 9FZ-2.0 fingerhjulsh\u00f6v\u00e4ndaren erbjuder olika konfigurationer f\u00f6r att passa olika g\u00e5rdars storlekar.<\/p>\n<h3>2. Bed\u00f6m f\u00e4ltf\u00f6rh\u00e5llandena<\/h3>\n<p>Terr\u00e4ngen p\u00e5 ditt f\u00e4lt kan p\u00e5verka prestandan hos din h\u00f6v\u00e4ndare. Se till att maskinen du v\u00e4ljer kan hantera oj\u00e4mn eller kuperad terr\u00e4ng om det beh\u00f6vs.<\/p>\n<h3>3. Utv\u00e4rdera typen av h\u00f6<\/h3>\n<p>Olika typer av h\u00f6 kan kr\u00e4va olika metoder f\u00f6r v\u00e4ndning. 9FZ-2.0 kan anpassas till olika typer av foder, inklusive alfalfa, gr\u00e4s och blandade gr\u00f6dor.<\/p>\n<h3>4. Kontrollera maskinens kapacitet<\/h3>\n<p>Se till att h\u00f6v\u00e4ndarens kapacitet matchar dina produktionsbehov. 9FZ-2.0 har h\u00f6g kapacitet, vilket g\u00f6r den l\u00e4mplig f\u00f6r st\u00f6rre verksamheter som vill \u00f6ka produktiviteten.<\/p>\n<h3>5. H\u00e5llbarhet och material<\/h3>\n<p>Maskinens materialkonstruktion \u00e4r avg\u00f6rande f\u00f6r dess h\u00e5llbarhet. Leta efter en maskin som \u00e4r tillverkad av slitstarka material som klarar av daglig anv\u00e4ndning ute i f\u00e4lt.<\/p>\n<h3>6. Pris och garanti<\/h3>\n<p>Priset \u00e4r en viktig faktor, men det \u00e4r ocks\u00e5 viktigt att ta h\u00e4nsyn till maskinens garanti och eftermarknadsservice. 9FZ-2.0 fingerhjulsh\u00f6v\u00e4ndaren levereras med en omfattande garanti f\u00f6r sinnesro.<\/p>\n<h2>Underh\u00e5ll av 9FZ-2.0 fingerhjulsh\u00f6v\u00e4ndare<\/h2>\n<p>Att underh\u00e5lla 9FZ-2.0 fingerhjulsh\u00f6v\u00e4ndaren \u00e4r enkelt och viktigt f\u00f6r att s\u00e4kerst\u00e4lla dess livsl\u00e4ngd. Regelbunden reng\u00f6ring av hjul och fingrar \u00e4r viktigt f\u00f6r att f\u00f6rhindra h\u00f6avlagringar. Att sm\u00f6rja de r\u00f6rliga delarna och kontrollera slitage regelbundet hj\u00e4lper till att f\u00f6rl\u00e4nga maskinens livsl\u00e4ngd. Dessutom \u00e4r det viktigt att regelbundet inspektera remmarna och de mekaniska komponenterna f\u00f6r tecken p\u00e5 skador eller feljustering.<\/p>\n<p style=\"text-align: center;\"><img loading=\"lazy\" decoding=\"async\" class=\"alignnone wp-image-462\" src=\"https:\/\/square-balers.com\/wp-content\/uploads\/2025\/12\/ep-9FZ-2.0-Finger-Wheel-Tedding-Machine-1-1-1-300x300.webp\" alt=\"H\u00f6v\u00e4ndare\" width=\"371\" height=\"371\" \/><\/p>\n<h2>Kundrecensioner<\/h2>\n<p>H\u00e4r \u00e4r vad v\u00e5ra kunder fr\u00e5n olika l\u00e4nder s\u00e4ger om 9FZ-2.0 fingerhjulsh\u00f6v\u00e4ndaren:<\/p>\n<h3>Recension 1<\/h3>\n<p>9FZ-2.0 \u00e4r revolutionerande f\u00f6r v\u00e5r g\u00e5rd. Vi har anv\u00e4nt den i n\u00e5gra m\u00e5nader nu, och den har dramatiskt minskat v\u00e5r torktid. Den \u00e4r p\u00e5litlig och mycket effektiv. Vi har sett en enorm f\u00f6rb\u00e4ttring av h\u00f6kvaliteten och har kunnat sk\u00f6rda mer h\u00f6 med mindre arbete.<\/p>\n<p><strong>\u2013 John, USA<\/strong><\/p>\n<h3>Recension 2<\/h3>\n<p>Vi letade efter en h\u00f6v\u00e4ndare som kunde hantera v\u00e5ra stora f\u00e4lt. 9FZ-2.0 \u00f6vertr\u00e4ffade v\u00e5ra f\u00f6rv\u00e4ntningar. Den sprider h\u00f6 j\u00e4mnt och fungerar bra i kuperad terr\u00e4ng. Rekommenderas starkt till alla med storskalig h\u00f6produktion.<\/p>\n<p><strong>\u2013 Maria, Kanada<\/strong><\/p>\n<h3>Recension 3<\/h3>\n<p>Jag har anv\u00e4nt den h\u00e4r maskinen f\u00f6r alfalfaproduktion och \u00e4r v\u00e4ldigt n\u00f6jd med den. Maskinen \u00e4r l\u00e4tt att underh\u00e5lla och h\u00f6et torkar snabbt och j\u00e4mnt. Designen \u00e4r robust och jag f\u00f6rv\u00e4ntar mig att den ska h\u00e5lla i m\u00e5nga s\u00e4songer.<\/p>\n<p><strong>\u2013 Ahmed, Egypten<\/strong><\/p>\n<h3>Recension 4<\/h3>\n<p>Den h\u00e4r maskinen har varit en fantastisk investering. Den \u00e4r enkel att anv\u00e4nda och resultaten \u00e4r enast\u00e5ende. Vi har sparat mycket tid och anstr\u00e4ngning sedan vi b\u00f6rjade anv\u00e4nda den. Om du letar efter en p\u00e5litlig h\u00f6v\u00e4ndare \u00e4r det h\u00e4r den du s\u00f6ker.<\/p>\n<p><strong>\u2013 Sophie, Australien<\/strong><\/p>\n<h3>Recension 5<\/h3>\n<p>Vi har anv\u00e4nt 9FZ-2.0 f\u00f6r v\u00e5r gr\u00e4smatta, och den har varit till stor hj\u00e4lp. Den \u00e4r mycket snabbare \u00e4n manuella metoder, och h\u00f6et torkar j\u00e4mnare. Vi har ocks\u00e5 m\u00e4rkt f\u00e4rre problem med m\u00f6gel i v\u00e5rt h\u00f6, vilket \u00e4r ett stort plus.<\/p>\n<p><strong>\u2013 Lucas, Brasilien<\/strong><\/p>\n<h2>Varf\u00f6r v\u00e4lja v\u00e5r produkt<\/h2>\n<p>Vi erbjuder skr\u00e4ddarsydda l\u00f6sningar och kan snabbt anpassa dem f\u00f6r att s\u00e4kerst\u00e4lla att maskinerna perfekt uppfyller just din g\u00e5rds behov. V\u00e5rt utm\u00e4rkta kundserviceteam \u00e4r redo att svara p\u00e5 alla fr\u00e5gor eller funderingar du kan ha. Dessutom erbjuder vi tre \u00e5rs garanti f\u00f6r din trygghet. Med snabb global leverans och omfattande eftermarknadssupport \u00e4r vi engagerade i att m\u00f6ta dina behov av jordbruksutrustning.<\/p>\n<h2>Utforska v\u00e5ra produkter<\/h2>\n<p>Tillsammans med 9FZ-2.0 fingerhjulsh\u00f6v\u00e4ndare erbjuder vi ett brett utbud av annan jordbruksutrustning och tillbeh\u00f6r f\u00f6r att f\u00f6rb\u00e4ttra din jordbruksverksamhet.<a href=\"https:\/\/square-balers.com\/sv\/produkt\/9f-70-foderkvarnar\/\"> h\u00f6geffektiva h\u00f6v\u00e4ndare<\/a> Fr\u00e5n reservdelar och underh\u00e5llssatser tillhandah\u00e5ller vi allt du beh\u00f6ver f\u00f6r att f\u00f6rb\u00e4ttra produktiviteten och s\u00e4kerst\u00e4lla att din g\u00e5rd fungerar med maximal effektivitet.<\/p>\n<p>Kontakta oss idag f\u00f6r att k\u00f6pa 9FZ-2.0 fingerhjulsh\u00f6v\u00e4ndaren och utforska hela v\u00e5rt utbud av jordbruksutrustning!<\/p>\n<h2>Vanliga fr\u00e5gor<\/h2>\n<p><strong>1. Vad g\u00f6r att 9FZ-2.0 fingerhjulsh\u00f6v\u00e4ndare sticker ut fr\u00e5n andra modeller?<\/strong><\/p>\n<p>9FZ-2.0 fingerhjulsh\u00f6v\u00e4ndaren \u00e4r k\u00e4nd f\u00f6r sin h\u00f6ga effektivitet, h\u00e5llbara konstruktion och m\u00e5ngsidighet. Den kan hantera olika typer av h\u00f6 och f\u00e4ltf\u00f6rh\u00e5llanden, vilket s\u00e4kerst\u00e4ller j\u00e4mn spridning och snabbare torkning. Dess anv\u00e4ndarv\u00e4nliga design g\u00f6r den tillg\u00e4nglig f\u00f6r f\u00f6rare p\u00e5 alla niv\u00e5er.<\/p>\n<p><strong>2. Kan 9FZ-2.0 fingerhjulsh\u00f6v\u00e4ndaren anv\u00e4ndas i oj\u00e4mn terr\u00e4ng?<\/strong><\/p>\n<p>Ja, 9FZ-2.0 \u00e4r konstruerad f\u00f6r att hantera olika terr\u00e4nger, inklusive oj\u00e4mna eller kuperade f\u00e4lt. Dess robusta hjul och justerbara inst\u00e4llningar g\u00f6r att den presterar bra \u00e4ven under utmanande f\u00e4ltf\u00f6rh\u00e5llanden.<\/p>\n<p><strong>3. Vilken typ av underh\u00e5ll kr\u00e4ver 9FZ-2.0?<\/strong><\/p>\n<p>9FZ-2.0 fingerhjulsh\u00f6v\u00e4ndaren kr\u00e4ver regelbunden reng\u00f6ring f\u00f6r att f\u00f6rhindra h\u00f6avlagringar. Det \u00e4r ocks\u00e5 viktigt att sm\u00f6rja r\u00f6rliga delar, inspektera f\u00f6r slitage och kontrollera att remmarna \u00e4r korrekt inst\u00e4llda. Rutinm\u00e4ssigt underh\u00e5ll f\u00f6rl\u00e4nger maskinens livsl\u00e4ngd och s\u00e4kerst\u00e4ller optimal prestanda.<\/p>\n<p><strong>4. Hur snabbt kan 9FZ-2.0 fingerhjulsh\u00f6v\u00e4ndaren torka h\u00f6?<\/strong><\/p>\n<p>9FZ-2.0 minskar torktiden avsev\u00e4rt genom att h\u00f6et f\u00f6rdelas j\u00e4mnt \u00f6ver f\u00e4ltet. Detta fr\u00e4mjar snabbare avdunstning av fukt, vilket s\u00e4kerst\u00e4ller att h\u00f6et torkas j\u00e4mnt inom en kortare tid j\u00e4mf\u00f6rt med manuella metoder.<\/p>\n<p><strong>5. \u00c4r 9FZ-2.0 l\u00e4mplig f\u00f6r ekologiskt jordbruk?<\/strong><\/p>\n<p>Ja, 9FZ-2.0 \u00e4r idealisk f\u00f6r ekologiskt jordbruk. Dess skonsamma spridningsfunktion bevarar fodrets kvalitet utan att orsaka n\u00e5gra skador, vilket g\u00f6r den till ett utm\u00e4rkt val f\u00f6r lantbrukare som f\u00f6rlitar sig p\u00e5 naturliga torkningsmetoder.<\/p>\n<p><strong>6. Vilken garanti medf\u00f6ljer 9FZ-2.0 fingerhjulsh\u00f6v\u00e4ndare?<\/strong><\/p>\n<p>Vi erbjuder 3 \u00e5rs garanti p\u00e5 9FZ-2.0 fingerhjulsh\u00f6v\u00e4ndare, vilket t\u00e4cker tillverkningsfel och s\u00e4kerst\u00e4ller att du har p\u00e5litlig support under hela maskinens livsl\u00e4ngd.<\/p>\n<p><strong>7. Kan jag anv\u00e4nda 9FZ-2.0 f\u00f6r olika typer av foder?<\/strong><\/p>\n<p>Ja, 9FZ-2.0 fingerhjulsh\u00f6v\u00e4ndaren \u00e4r m\u00e5ngsidig nog att hantera olika typer av foder, inklusive gr\u00e4s, alfalfa och andra gr\u00f6dor, vilket s\u00e4kerst\u00e4ller j\u00e4mn prestanda f\u00f6r olika jordbruksbehov.<\/p>\n<p><strong>8. Hur enkelt \u00e4r det att anv\u00e4nda 9FZ-2.0 fingerhjulsh\u00f6v\u00e4ndaren?<\/strong><\/p>\n<p>9FZ-2.0 \u00e4r konstruerad med anv\u00e4ndarv\u00e4nliga kontroller, vilket g\u00f6r det enkelt f\u00f6r f\u00f6rare att justera maskinen baserat p\u00e5 f\u00e4ltf\u00f6rh\u00e5llandena. \u00c4ven f\u00f6rstag\u00e5ngsanv\u00e4ndare kan snabbt l\u00e4ra sig att anv\u00e4nda maskinen effektivt.<\/p>\n<p><strong>9. Vilken \u00e4r arbetsbredden p\u00e5 9FZ-2.0 fingerhjulsh\u00f6v\u00e4ndare?<\/strong><\/p>\n<p>9FZ-2.0 fingerhjulsh\u00f6v\u00e4ndaren finns i olika konfigurationer, med arbetsbredder som kan anpassas till g\u00e5rdar av olika storlekar. Bredden m\u00f6jligg\u00f6r effektiv h\u00f6v\u00e4ndning av st\u00f6rre f\u00e4lt, vilket s\u00e4kerst\u00e4ller maximal produktivitet.<\/p>\n<p><strong>10. \u00c4r 9FZ-2.0 fingerhjulsh\u00f6v\u00e4ndaren l\u00e4tt att underh\u00e5lla?<\/strong><\/p>\n<p>Ja, 9FZ-2.0 \u00e4r konstruerad f\u00f6r enkelt underh\u00e5ll. Dess komponenter \u00e4r l\u00e4ttillg\u00e4ngliga och med regelbunden reng\u00f6ring och sm\u00f6rjning kan maskinen fungera effektivt i m\u00e5nga \u00e5r.<\/p>\n<p><strong>11. Hur st\u00e5r sig 9FZ-2.0 i j\u00e4mf\u00f6relse med andra h\u00f6v\u00e4ndare?<\/strong><\/p>\n<p>9FZ-2.0 utm\u00e4rker sig tack vare sin h\u00f6ga effektivitet, h\u00e5llbarhet och anpassningsf\u00f6rm\u00e5ga till olika f\u00e4ltf\u00f6rh\u00e5llanden. Dess robusta design och h\u00f6ga kapacitet g\u00f6r den till ett p\u00e5litligt val f\u00f6r storskaliga h\u00f6arbeten.<\/p>\n<p><strong>12. Minskar 9FZ-2.0 fingerhjulsh\u00f6v\u00e4ndare arbetet?<\/strong><\/p>\n<p>Ja, 9FZ-2.0 minskar arbetskraften genom att automatisera h\u00f6vv\u00e4ndningsprocessen, som traditionellt kr\u00e4vde betydande manuell anstr\u00e4ngning. Maskinen s\u00e4kerst\u00e4ller snabb och j\u00e4mn spridning, vilket minskar behovet av omfattande manuellt arbete.<\/p>\n<p><strong>13. Kan 9FZ-2.0 anv\u00e4ndas i olika v\u00e4derf\u00f6rh\u00e5llanden?<\/strong><\/p>\n<p>Ja, 9FZ-2.0 \u00e4r konstruerad f\u00f6r att fungera i en m\u00e4ngd olika v\u00e4derf\u00f6rh\u00e5llanden. Dess h\u00e5llbara konstruktion s\u00e4kerst\u00e4ller att den fungerar tillf\u00f6rlitligt \u00e4ven i kr\u00e4vande milj\u00f6er.<\/p>\n<p><strong>14. Hur l\u00e5ng tid tar det att se resultat med 9FZ-2.0 fingerhjulsh\u00f6v\u00e4ndaren?<\/strong><\/p>\n<p>Anv\u00e4ndare m\u00e4rker vanligtvis snabbare torkningstider f\u00f6r h\u00f6et redan vid f\u00f6rsta anv\u00e4ndningen. Den j\u00e4mna spridningen och effektiva torkningen s\u00e4kerst\u00e4ller att h\u00f6et \u00e4r klart f\u00f6r lagring eller vidare bearbetning p\u00e5 kortare tid j\u00e4mf\u00f6rt med traditionella metoder.<\/p>\n<p><strong>15. Finns det ett globalt supportn\u00e4tverk f\u00f6r 9FZ-2.0?<\/strong><\/p>\n<p>Ja, vi erbjuder global kundsupport och eftermarknadsservice, vilket s\u00e4kerst\u00e4ller att du kan f\u00e5 hj\u00e4lp oavsett var du befinner dig. Vi tillhandah\u00e5ller \u00e4ven utbildning och resurser f\u00f6r att hj\u00e4lpa dig att f\u00e5 ut det mesta av din 9FZ-2.0.<\/p>\n<p>redigerad av gzl<\/p>","protected":false},"excerpt":{"rendered":"<p>F\u00f6rb\u00e4ttra din h\u00f6kvalitet med 9FZ-2.0 fingerhjulsh\u00f6v\u00e4ndaren! Denna avancerade h\u00f6v\u00e4ndare \u00e4r designad f\u00f6r effektivitet och h\u00e5llbarhet och s\u00e4kerst\u00e4ller snabbare och j\u00e4mnare spridning av h\u00f6. Perfekt f\u00f6r storskaliga g\u00e5rdar, den \u00f6kar produktiviteten och minskar torktiden. Utforska framtidens h\u00f6v\u00e4ndning med v\u00e5r p\u00e5litliga och l\u00e4ttanv\u00e4nda maskin. Skaffa din idag och f\u00f6rb\u00e4ttra din g\u00e5rds produktion!<\/p>","protected":false},"featured_media":462,"template":"","meta":{"_et_pb_use_builder":"","_et_pb_old_content":"","_et_gb_content_width":""},"product_brand":[],"product_cat":[24],"product_tag":[],"class_list":{"0":"post-461","1":"product","2":"type-product","3":"status-publish","4":"has-post-thumbnail","6":"product_cat-other-series-products","8":"first","9":"instock","10":"shipping-taxable","11":"product-type-simple"},"_links":{"self":[{"href":"https:\/\/square-balers.com\/sv\/wp-json\/wp\/v2\/product\/461","targetHints":{"allow":["GET"]}}],"collection":[{"href":"https:\/\/square-balers.com\/sv\/wp-json\/wp\/v2\/product"}],"about":[{"href":"https:\/\/square-balers.com\/sv\/wp-json\/wp\/v2\/types\/product"}],"wp:featuredmedia":[{"embeddable":true,"href":"https:\/\/square-balers.com\/sv\/wp-json\/wp\/v2\/media\/462"}],"wp:attachment":[{"href":"https:\/\/square-balers.com\/sv\/wp-json\/wp\/v2\/media?parent=461"}],"wp:term":[{"taxonomy":"product_brand","embeddable":true,"href":"https:\/\/square-balers.com\/sv\/wp-json\/wp\/v2\/product_brand?post=461"},{"taxonomy":"product_cat","embeddable":true,"href":"https:\/\/square-balers.com\/sv\/wp-json\/wp\/v2\/product_cat?post=461"},{"taxonomy":"product_tag","embeddable":true,"href":"https:\/\/square-balers.com\/sv\/wp-json\/wp\/v2\/product_tag?post=461"}],"curies":[{"name":"wp","href":"https:\/\/api.w.org\/{rel}","templated":true}]}}