{"id":466,"date":"2025-12-22T08:58:01","date_gmt":"2025-12-22T08:58:01","guid":{"rendered":"https:\/\/square-balers.com\/?post_type=product&#038;p=466"},"modified":"2025-12-23T03:08:50","modified_gmt":"2025-12-23T03:08:50","slug":"integrerad-balnings-och-inplastningsmaskin","status":"publish","type":"product","link":"https:\/\/square-balers.com\/sv\/produkt\/integrerad-balnings-och-inplastningsmaskin\/","title":{"rendered":"9YCM-850 integrerad balnings- och inplastningsmaskin"},"content":{"rendered":"<p>Den integrerade balnings- och inplastningsmaskinen 9YCM-850 \u00e4r en avancerad jordbruksmaskin som \u00e4r utformad f\u00f6r att utf\u00f6ra b\u00e5de balnings- och inplastningsfunktioner s\u00f6ml\u00f6st. Denna avancerade maskin kombinerar h\u00f6g effektivitet och m\u00e5ngsidighet, vilket g\u00f6r den till ett oumb\u00e4rligt verktyg i jordbruksverksamheter som kr\u00e4ver h\u00f6gkvalitativ h\u00f6- eller ensilagef\u00f6rpackning. Den \u00e4r utformad f\u00f6r att f\u00f6rb\u00e4ttra produktiviteten, minska arbetskostnaderna och s\u00e4kerst\u00e4lla korrekt konservering av produkterna.<\/p>\n<h2>Teknisk specifikation<\/h2>\n<table style=\"border-color: #000000;\">\n<thead>\n<tr>\n<th>Serienummer<\/th>\n<th>Punkt<\/th>\n<th>Enhet<\/th>\n<th>Specifikation<\/th>\n<\/tr>\n<\/thead>\n<tbody>\n<tr>\n<td>1<\/td>\n<td>Produktnamn<\/td>\n<td>\/<\/td>\n<td>9YCM-850 Balpress och inplastare integrerad maskin<\/td>\n<\/tr>\n<tr>\n<td>2<\/td>\n<td>Balstorlek (diameter\u00d7l\u00e4ngd)<\/td>\n<td>cm<\/td>\n<td>\u03a685-90\u00d785<\/td>\n<\/tr>\n<tr>\n<td>3<\/td>\n<td>Balvolym<\/td>\n<td>m\u00b3<\/td>\n<td>0.48-0.54<\/td>\n<\/tr>\n<tr>\n<td>4<\/td>\n<td>Trattens volym<\/td>\n<td>m\u00b3<\/td>\n<td>2.5<\/td>\n<\/tr>\n<tr>\n<td>5<\/td>\n<td>Matchande kraft<\/td>\n<td>\/<\/td>\n<td>\u2265120 hk<\/td>\n<\/tr>\n<tr>\n<td>6<\/td>\n<td>Utrustningens totala m\u00e5tt (L\u00d7B\u00d7H)<\/td>\n<td>m<\/td>\n<td>7,00\u00d72,19\u00d73,03<\/td>\n<\/tr>\n<tr>\n<td>7<\/td>\n<td>D\u00e4ckspecifikation<\/td>\n<td>\/<\/td>\n<td>295\/60-15<\/td>\n<\/tr>\n<tr>\n<td>8<\/td>\n<td>Kraftuttagsutg\u00e5ng<\/td>\n<td>varvtal<\/td>\n<td>540<\/td>\n<\/tr>\n<tr>\n<td>9<\/td>\n<td>Hydrauliska krav<\/td>\n<td>\/<\/td>\n<td>1\u00d71\/2 tum 1\u00d73\/4 tum<\/td>\n<\/tr>\n<tr>\n<td>10<\/td>\n<td>Elektriska krav<\/td>\n<td>\/<\/td>\n<td>12V likstr\u00f6m<\/td>\n<\/tr>\n<tr>\n<td>11<\/td>\n<td>Kontrollsystem<\/td>\n<td>\/<\/td>\n<td>Elektroniskt styrsystem<\/td>\n<\/tr>\n<tr>\n<td>12<\/td>\n<td>Produktivitet<\/td>\n<td>balar\/timme<\/td>\n<td>30-40<\/td>\n<\/tr>\n<\/tbody>\n<\/table>\n<h2>Produktdefinition<\/h2>\n<p>Den integrerade maskinen 9YCM-850 f\u00f6r balning och inplastning \u00e4r ett kombinerat system som automatiserar balnings- och inplastningsprocesserna f\u00f6r jordbruksmaterial som h\u00f6 och ensilage. Denna integrerade l\u00f6sning eliminerar behovet av separat balnings- och f\u00f6rpackningsutrustning, vilket f\u00f6rb\u00e4ttrar driftseffektiviteten och konsekvensen. Den \u00e4r speciellt utformad f\u00f6r sm\u00e5 och medelstora g\u00e5rdar som vill effektivisera sina jordbruksproduktionsprocesser.<\/p>\n<h2>Vilka problem l\u00f6ser den integrerade balnings- och inplastningsmaskinen 9YCM-850?<\/h2>\n<p>Maskinen 9YCM-850 l\u00f6ser flera utmaningar som jordbrukare och jordbruksf\u00f6retag st\u00e5r inf\u00f6r. Den l\u00f6ser problem som oj\u00e4mn f\u00f6rpackning, besv\u00e4rlig manuell drift och sv\u00e5righeter att hantera stora m\u00e4ngder material. Maskinen s\u00e4kerst\u00e4ller h\u00f6gkvalitativ balning och f\u00f6rpackning, vilket minimerar manuella ingrepp, vilket minskar driftskostnaderna och f\u00f6rb\u00e4ttrar konserveringseffektiviteten f\u00f6r h\u00f6 och ensilage.<\/p>\n<h2>Anv\u00e4ndningsomr\u00e5den f\u00f6r den integrerade balnings- och inplastningsmaskinen 9YCM-850<\/h2>\n<p>Denna maskin anv\u00e4nds i olika jordbruksmilj\u00f6er, s\u00e5som:<\/p>\n<ul>\n<li>H\u00f6- och ensilageproduktion<\/li>\n<li>S\u00e4kerst\u00e4lla effektiv gr\u00f6dkonservering f\u00f6r djurfoder<\/li>\n<li>F\u00f6rb\u00e4ttra kvaliteten p\u00e5 lagrat foder<\/li>\n<li>Minska arbetskraftskostnaderna i jordbruksverksamheten<\/li>\n<li>\u00d6ka den operativa effektiviteten hos medelstora g\u00e5rdar<\/li>\n<li>Tillhandah\u00e5ller automatiserad balning och inplastning f\u00f6r flera gr\u00f6dor<\/li>\n<\/ul>\n<h2>Produktf\u00f6rdelar<\/h2>\n<ul>\n<li><strong>\u00d6kad effektivitet:<\/strong> 9YCM-850 automatiserar b\u00e5de balning och inplastning, vilket sparar tid och minskar behovet av manuellt arbete.<\/li>\n<li><strong>Konsekvent kvalitet:<\/strong> Denna maskin s\u00e4kerst\u00e4ller en j\u00e4mn inlindning, vilket \u00e4r avg\u00f6rande f\u00f6r att bevara h\u00f6 och ensilage.<\/li>\n<li><strong>Varaktighet:<\/strong> Maskinen \u00e4r byggd med h\u00f6gkvalitativa material och konstruerad f\u00f6r l\u00e5ngvarig anv\u00e4ndning i kr\u00e4vande jordbruksmilj\u00f6er.<\/li>\n<li><strong>Kostnadseffektiv:<\/strong> Genom att kombinera b\u00e5da processerna i en maskin minskar lantbrukare kostnaden f\u00f6r att k\u00f6pa och underh\u00e5lla separat balnings- och inplastningsutrustning.<\/li>\n<li><strong>M\u00e5ngsidig:<\/strong> Den \u00e4r l\u00e4mplig f\u00f6r en m\u00e4ngd olika jordbruksmaterial, vilket g\u00f6r den till ett idealiskt verktyg f\u00f6r olika jordbruksbehov.<\/li>\n<\/ul>\n<h2><a href=\"https:\/\/square-balers.com\/sv\/produkt\/maskin-for-balplockning-och-transport\/\">S\u00e5 fungerar den integrerade balnings- och inplastningsmaskinen 9YCM-850<\/a><\/h2>\n<p>Den integrerade balnings- och inplastningsmaskinen 9YCM-850 fungerar genom att f\u00f6rst samla upp h\u00f6et eller ensilaget med hj\u00e4lp av sin avancerade matningsmekanism. Materialet komprimeras sedan till en t\u00e4t, j\u00e4mn bal. D\u00e4refter sl\u00e5r maskinen in balarna med en slitstark film f\u00f6r att bevara inneh\u00e5llet. Systemets integrerade natur s\u00e4kerst\u00e4ller att balnings- och inplastningsprocesserna \u00e4r s\u00f6ml\u00f6sa, vilket eliminerar behovet av ytterligare maskiner och f\u00f6rb\u00e4ttrar effektiviteten.<\/p>\n<p style=\"text-align: center;\"><img loading=\"lazy\" decoding=\"async\" class=\"alignnone wp-image-468\" src=\"https:\/\/square-balers.com\/wp-content\/uploads\/2025\/12\/ep-9YCM-850-Baling-and-Wrapping-Integrated-Machine-1-1-300x300.webp\" alt=\"Integrerad maskin f\u00f6r balning och inplastning\" width=\"411\" height=\"411\" \/><\/p>\n<h2>Huvudsakliga applikationsscenarier<\/h2>\n<ul>\n<li><strong>Sm\u00e5 g\u00e5rdar:<\/strong> Perfekt f\u00f6r sm\u00e5skaliga jordbruksf\u00f6retag som s\u00f6ker effektiva och prisv\u00e4rda l\u00f6sningar f\u00f6r balning och inplastning.<\/li>\n<li><strong>F\u00f6rvaring av djurfoder:<\/strong> S\u00e4kerst\u00e4ller att h\u00f6 och ensilage lagras korrekt f\u00f6r djurfoder under l\u00e5gs\u00e4song.<\/li>\n<li><strong>H\u00f6gavkastande gr\u00f6dor:<\/strong> L\u00e4mplig f\u00f6r storskalig h\u00f6- och ensilageproduktion, vilket maximerar produktionen.<\/li>\n<li><strong>Jordbrukskooperativ:<\/strong> Hj\u00e4lper jordbrukskooperativ att hantera balnings- och inplastningsbehoven p\u00e5 flera g\u00e5rdar samtidigt.<\/li>\n<li><strong>Klimatk\u00e4nsliga regioner:<\/strong> Viktigt i regioner med h\u00e5rt klimat, d\u00e4r det \u00e4r avg\u00f6rande att bevara h\u00f6- och ensilagekvaliteten.<\/li>\n<li><strong>Ekologiskt jordbruk:<\/strong> Idealisk f\u00f6r ekologiska g\u00e5rdar som beh\u00f6ver effektiva och h\u00e5llbara l\u00f6sningar f\u00f6r konservering av h\u00f6 och ensilage.<\/li>\n<\/ul>\n<h2>Hur man v\u00e4ljer r\u00e4tt integrerad 9YCM-850 balnings- och inplastningsmaskin<\/h2>\n<p>Att v\u00e4lja r\u00e4tt 9YCM-850-maskin beror p\u00e5 flera faktorer, inklusive:<\/p>\n<ul>\n<li><strong>G\u00e5rdens storlek:<\/strong> Storleken p\u00e5 din g\u00e5rd avg\u00f6r vilken kapacitet och effekt du beh\u00f6ver fr\u00e5n maskinen.<\/li>\n<li><strong>Gr\u00f6dtyp:<\/strong> T\u00e4nk p\u00e5 vilken typ av gr\u00f6dor du bearbetar, eftersom vissa gr\u00f6dor kan kr\u00e4va olika balningstekniker.<\/li>\n<li><strong>Driftsmilj\u00f6:<\/strong> V\u00e4lj en maskin som klarar de specifika v\u00e4derf\u00f6rh\u00e5llandena och terr\u00e4ngen p\u00e5 din g\u00e5rd.<\/li>\n<li><strong>Budget:<\/strong> Se till att maskinen passar din budget, inklusive kostnader f\u00f6r underh\u00e5ll och drift.<\/li>\n<li><strong>Underh\u00e5llsst\u00f6d:<\/strong> Leta efter maskiner som har starka n\u00e4tverk f\u00f6r support och service efter f\u00f6rs\u00e4ljning.<\/li>\n<li><strong>Energieffektivitet:<\/strong> V\u00e4lj en maskin som minimerar energif\u00f6rbrukningen samtidigt som den maximerar produktionen.<\/li>\n<\/ul>\n<h2>Underh\u00e5llstips f\u00f6r den integrerade balnings- och inplastningsmaskinen 9YCM-850<\/h2>\n<p>F\u00f6r att din maskin ska fungera effektivt \u00e4r det viktigt att regelbundet underh\u00e5lla den. Viktiga underh\u00e5llsuppgifter inkluderar:<\/p>\n<ul>\n<li>Regelbunden kontroll av hydraulsystemet f\u00f6r l\u00e4ckor och slitage.<\/li>\n<li>Reng\u00f6r maskinen efter varje anv\u00e4ndning f\u00f6r att f\u00f6rhindra att skr\u00e4p ansamlas.<\/li>\n<li>Sm\u00f6rjning av r\u00f6rliga delar f\u00f6r att s\u00e4kerst\u00e4lla smidig drift.<\/li>\n<li>Inspektera inplastningsfilmens mekanism och byt ut den vid behov.<\/li>\n<li>Utf\u00f6r regelbundna kontroller av motor- och elsystem f\u00f6r att undvika haverier.<\/li>\n<\/ul>\n<h2>Kundrecensioner<\/h2>\n<p>H\u00e4r \u00e4r n\u00e5gra kundrecensioner fr\u00e5n olika l\u00e4nder som lyfter fram deras erfarenheter med den integrerade balnings- och inplastningsmaskinen 9YCM-850:<\/p>\n<h3>Kundrecension 1<\/h3>\n<p>9YCM-850 har varit banbrytande p\u00e5 v\u00e5r g\u00e5rd. Vi beh\u00f6ver inte l\u00e4ngre oroa oss f\u00f6r ineffektiviteten med separata balnings- och inplastningsmaskiner. Integreringen av b\u00e5da processerna i ett system har minskat v\u00e5ra arbetskostnader och f\u00f6rb\u00e4ttrat kvaliteten p\u00e5 v\u00e5r h\u00f6f\u00f6rvaring. Den \u00e4r l\u00e4tt att anv\u00e4nda och h\u00e5llbarheten \u00e4r imponerande.<\/p>\n<p><strong>\u2013 John, USA<\/strong><\/p>\n<h3>Kundrecension 2<\/h3>\n<p>Vi letade efter ett mer effektivt s\u00e4tt att hantera v\u00e5rt ensilage, och 9YCM-850 levererades. Maskinen \u00e4r p\u00e5litlig och inlindningen \u00e4r perfekt t\u00e4t, vilket bevarar v\u00e5rt foder inf\u00f6r vintern. Maskinen \u00e4r enkel att anv\u00e4nda och underh\u00e5lla, vilket sparar tid och pengar \u00e5t oss.<\/p>\n<p><strong>\u2013 Maria, Spanien<\/strong><\/p>\n<h3>Kundrecension 3<\/h3>\n<p>Som sm\u00e5brukare beh\u00f6vde jag en l\u00f6sning som var b\u00e5de prisv\u00e4rd och effektiv. 9YCM-850 \u00f6vertr\u00e4ffade mina f\u00f6rv\u00e4ntningar. Den \u00e4r kompakt men \u00e4nd\u00e5 kraftfull och har gjort det m\u00f6jligt f\u00f6r oss att automatisera balnings- och inplastningsprocessen. Kvaliteten p\u00e5 v\u00e5rt h\u00f6 har f\u00f6rb\u00e4ttrats avsev\u00e4rt och v\u00e5ra arbetskostnader har sjunkit.<\/p>\n<p><strong>\u2013 Ahmed, Egypten<\/strong><\/p>\n<h3>Kundrecension 4<\/h3>\n<p>Maskinen har varit en p\u00e5litlig tillg\u00e5ng p\u00e5 v\u00e5r g\u00e5rd. Den hanterar allt fr\u00e5n balning till inplastning utan problem. Vi har sparat mycket tid och anstr\u00e4ngning, s\u00e4rskilt under h\u00f6gs\u00e4song. Kundservicen var ocks\u00e5 f\u00f6rstklassig och gav oss allt st\u00f6d vi beh\u00f6vde f\u00f6r installation och underh\u00e5ll.<\/p>\n<p><strong>\u2013 Li Wei, Kina<\/strong><\/p>\n<h3>Kundrecension 5<\/h3>\n<p>9YCM-850 \u00e4r ett utm\u00e4rkt val f\u00f6r g\u00e5rdar som v\u00e5r som hanterar stora volymer h\u00f6. Den \u00e4r effektiv och inplastningskvaliteten \u00e4r genomg\u00e5ende h\u00f6g. Jag uppskattar den minimala driftstoppen f\u00f6r underh\u00e5ll och den p\u00e5litliga eftermarknadssupporten. Det har gjort v\u00e5r verksamhet mycket smidigare.<\/p>\n<p><strong>\u2013 Marco, Italien<\/strong><\/p>\n<h2>Varf\u00f6r v\u00e4lja v\u00e5ra produkter?<\/h2>\n<p>Vi erbjuder snabba anpassningstj\u00e4nster f\u00f6r att m\u00f6ta just din g\u00e5rds behov. V\u00e5rt starka serviceteam s\u00e4kerst\u00e4ller att du f\u00e5r utm\u00e4rkt support under hela din maskins livsl\u00e4ngd. Med 3 \u00e5rs garanti och omfattande kundservice kan du vara s\u00e4ker p\u00e5 att v\u00e5ra produkter \u00e4r tillf\u00f6rlitliga. Vi erbjuder \u00e4ven snabb global leverans f\u00f6r att snabbt kunna uppfylla dina best\u00e4llningsbehov.<\/p>\n<h2>Om oss<\/h2>\n<p>V\u00e5rt f\u00f6retag specialiserar sig p\u00e5 h\u00f6gkvalitativa jordbruksmaskiner, och den integrerade balnings- och inplastningsmaskinen 9YCM-850 \u00e4r bara ett exempel p\u00e5 v\u00e5rt engagemang f\u00f6r excellens. Ut\u00f6ver denna maskin erbjuder vi \u00e4ven ett brett utbud av relaterade produkter och tillbeh\u00f6r. V\u00e5ra produkter \u00e4r byggda med h\u00e5llbarhet, effektivitet och kostnadseffektivitet i \u00e5tanke. Oavsett om du letar efter balningsmaskiner, inplastningssystem eller andra jordbruksverktyg har vi l\u00f6sningarna f\u00f6r att m\u00f6ta dina behov.<\/p>\n<p><strong>Kontakta oss idag f\u00f6r att utforska den integrerade balnings- och inplastningsmaskinen 9YCM-850 och ta ditt jordbruk till n\u00e4sta niv\u00e5!<\/strong><\/p>\n<h2>Vanliga fr\u00e5gor (FAQ)<\/h2>\n<h3>1. Hur fungerar den integrerade balnings- och inplastningsmaskinen 9YCM-850?<\/h3>\n<p>9YCM-850 kombinerar balnings- och inplastningsfunktioner i en s\u00f6ml\u00f6s process, vilket \u00f6kar effektiviteten och minskar manuellt arbete. Den komprimerar h\u00f6 eller ensilage till t\u00e4tt packade balar och sl\u00e5r in dem i skyddande film f\u00f6r att bevara inneh\u00e5llet.<\/p>\n<h3>2. \u00c4r 9YCM-850 l\u00e4mplig f\u00f6r sm\u00e5 g\u00e5rdar?<\/h3>\n<p>Ja, 9YCM-850 \u00e4r en idealisk l\u00f6sning f\u00f6r sm\u00e5 och medelstora g\u00e5rdar. Dess kompakta design och effektivitet g\u00f6r den perfekt f\u00f6r g\u00e5rdar med begr\u00e4nsat utrymme och begr\u00e4nsade resurser.<\/p>\n<h3>3. Vilka typer av gr\u00f6dor klarar 9YCM-850?<\/h3>\n<p>9YCM-850 \u00e4r m\u00e5ngsidig och kan hantera olika jordbruksmaterial som h\u00f6, ensilage och andra typer av fodergr\u00f6dor.<\/p>\n<h3>4. Vad \u00e4r underh\u00e5llskostnaden f\u00f6r den integrerade balnings- och inplastningsmaskinen 9YCM-850?<\/h3>\n<p>Underh\u00e5llskostnaden \u00e4r relativt l\u00e5g. Regelbunden sm\u00f6rjning, reng\u00f6ring och enstaka byten av delar s\u00e4kerst\u00e4ller att maskinen forts\u00e4tter att fungera effektivt i m\u00e5nga \u00e5r.<\/p>\n<h3>5. Hur l\u00e5ng tid tar det att linda in en bal med 9YCM-850?<\/h3>\n<p>Inplastningsprocessen tar vanligtvis bara n\u00e5gra minuter, beroende p\u00e5 balens storlek och materialet som bearbetas.<\/p>\n<h3>6. Kan 9YCM-850 anv\u00e4ndas f\u00f6r storskaliga jordbruksverksamheter?<\/h3>\n<p>Ja, 9YCM-850 \u00e4r l\u00e4mplig f\u00f6r storskaliga verksamheter och erbjuder h\u00f6g produktivitet och konsekvent prestanda \u00e4ven vid intensiv anv\u00e4ndning.<\/p>\n<h3>7. Kr\u00e4ver 9YCM-850 n\u00e5gon s\u00e4rskild utbildning f\u00f6r att anv\u00e4ndas?<\/h3>\n<p>\u00c4ven om 9YCM-850 \u00e4r anv\u00e4ndarv\u00e4nlig rekommenderas grundl\u00e4ggande utbildning f\u00f6r att s\u00e4kerst\u00e4lla optimal drift och s\u00e4kerhet. Vi erbjuder utbildning och support till alla kunder.<\/p>\n<h3>8. Vilken garanti erbjuds med den integrerade balnings- och inplastningsmaskinen 9YCM-850?<\/h3>\n<p>9YCM-850 levereras med 3 \u00e5rs garanti som t\u00e4cker eventuella tillverkningsfel och ger trygghet vid l\u00e5ngvarig anv\u00e4ndning.<\/p>\n<h3>9. \u00c4r den integrerade balnings- och inplastningsmaskinen 9YCM-850 energieffektiv?<\/h3>\n<p>Ja, 9YCM-850 \u00e4r konstruerad f\u00f6r att fungera effektivt, minimera energif\u00f6rbrukningen och maximera produktionen, vilket g\u00f6r den till ett kostnadseffektivt val f\u00f6r lantbrukare.<\/p>\n<h3>10. Vad kostar den integrerade balnings- och inplastningsmaskinen 9YCM-850?<\/h3>\n<p>Priset p\u00e5 maskinen varierar beroende p\u00e5 dina specifika krav och anpassningsm\u00f6jligheter. Kontakta oss f\u00f6r en personlig offert baserad p\u00e5 dina behov.<\/p>\n<h3>11. Hur g\u00f6r jag en best\u00e4llning p\u00e5 den integrerade balnings- och inplastningsmaskinen 9YCM-850?<\/h3>\n<p>Du kan l\u00e4gga en best\u00e4llning direkt via v\u00e5r webbplats eller genom att kontakta v\u00e5rt s\u00e4ljteam f\u00f6r hj\u00e4lp med att slutf\u00f6ra din best\u00e4llning och leveransinformation.<\/p>\n<h3>12. Vilken eftermarknadssupport finns tillg\u00e4nglig f\u00f6r den integrerade balnings- och inplastningsmaskinen 9YCM-850?<\/h3>\n<p>Vi erbjuder omfattande eftermarknadssupport, inklusive underh\u00e5llstj\u00e4nster, fels\u00f6kningshj\u00e4lp och tillg\u00e5ng till reservdelar f\u00f6r 9YCM-850.<\/p>\n<h3>13. Hur fungerar inplastningssystemet i den integrerade balnings- och inplastningsmaskinen 9YCM-850?<\/h3>\n<p>9YCM-850 anv\u00e4nder en filmlindningsmekanism som lindar in varje bal s\u00e4kert, vilket s\u00e4kerst\u00e4ller optimal bevarande av h\u00f6et eller ensilaget inuti.<\/p>\n<h3>14. Kan den integrerade balnings- och inplastningsmaskinen 9YCM-850 anv\u00e4ndas f\u00f6r ekologiskt jordbruk?<\/h3>\n<p>Ja, 9YCM-850 \u00e4r l\u00e4mplig f\u00f6r ekologiska g\u00e5rdar, eftersom den m\u00f6jligg\u00f6r effektiv och h\u00e5llbar lagring av ekologiskt h\u00f6 och ensilage utan behov av kemiska konserveringsmedel.<\/p>\n<h3>15. Finns internationell frakt tillg\u00e4nglig f\u00f6r 9YCM-850?<\/h3>\n<p>Ja, vi erbjuder global frakt f\u00f6r att s\u00e4kerst\u00e4lla att v\u00e5ra kunder v\u00e4rlden \u00f6ver kan f\u00e5 tillg\u00e5ng till 9YCM-850 och andra produkter fr\u00e5n v\u00e5rt sortiment.<\/p>\n<p>redigerad av gzl<\/p>","protected":false},"excerpt":{"rendered":"<p>Uppt\u00e4ck den integrerade balnings- och inplastningsmaskinen 9YCM-850 \u2013 den ultimata l\u00f6sningen f\u00f6r effektiv och h\u00f6gkvalitativ balning och inplastning. Denna innovativa maskin \u00e4r perfekt f\u00f6r jordbruks-, industri- och f\u00f6rpackningsbehov och kombinerar precision, hastighet och tillf\u00f6rlitlighet. \u00d6ka din produktivitet med avancerad teknik och minska arbetskostnaderna. Klicka nu f\u00f6r att l\u00e4ra dig mer och f\u00e5 din idag!<\/p>","protected":false},"featured_media":468,"template":"","meta":{"_et_pb_use_builder":"","_et_pb_old_content":"","_et_gb_content_width":""},"product_brand":[],"product_cat":[24],"product_tag":[],"class_list":{"0":"post-466","1":"product","2":"type-product","3":"status-publish","4":"has-post-thumbnail","6":"product_cat-other-series-products","8":"first","9":"instock","10":"shipping-taxable","11":"product-type-simple"},"_links":{"self":[{"href":"https:\/\/square-balers.com\/sv\/wp-json\/wp\/v2\/product\/466","targetHints":{"allow":["GET"]}}],"collection":[{"href":"https:\/\/square-balers.com\/sv\/wp-json\/wp\/v2\/product"}],"about":[{"href":"https:\/\/square-balers.com\/sv\/wp-json\/wp\/v2\/types\/product"}],"wp:featuredmedia":[{"embeddable":true,"href":"https:\/\/square-balers.com\/sv\/wp-json\/wp\/v2\/media\/468"}],"wp:attachment":[{"href":"https:\/\/square-balers.com\/sv\/wp-json\/wp\/v2\/media?parent=466"}],"wp:term":[{"taxonomy":"product_brand","embeddable":true,"href":"https:\/\/square-balers.com\/sv\/wp-json\/wp\/v2\/product_brand?post=466"},{"taxonomy":"product_cat","embeddable":true,"href":"https:\/\/square-balers.com\/sv\/wp-json\/wp\/v2\/product_cat?post=466"},{"taxonomy":"product_tag","embeddable":true,"href":"https:\/\/square-balers.com\/sv\/wp-json\/wp\/v2\/product_tag?post=466"}],"curies":[{"name":"wp","href":"https:\/\/api.w.org\/{rel}","templated":true}]}}